{"id":28511,"date":"2024-03-11T21:41:47","date_gmt":"2024-03-11T20:41:47","guid":{"rendered":"https:\/\/www.promotio.sk\/shop\/nezaraden\u00e9\/melbourne\/"},"modified":"2024-03-11T21:45:46","modified_gmt":"2024-03-11T20:45:46","slug":"melbourne","status":"publish","type":"product","link":"https:\/\/www.promotio.sk\/cs\/shop\/promo-clothing\/wint_sp\/sport-shirts\/melbourne\/","title":{"rendered":"MELBOURNE"},"content":{"rendered":"<p>P\u00e1nsk\u00e1 technick\u00e1 ragl\u00e1nov\u00e1 mikina s dlouh\u00fdm ruk\u00e1vem.<br \/>\n1. Pod\u0161\u00edvka z kart\u00e1\u010dovan\u00e9ho fleecu.<br \/>\n2. Kontrastn\u00ed zes\u00edlen\u00e9 kryt\u00e9 \u0161vy uvnit\u0159 krku.<br \/>\n3. Slad\u011bn\u00fd obr\u00e1cen\u00fd polovi\u010dn\u00ed zip s detaily pro dobrou viditelnost.<br \/>\n4. Rozparky na palce v man\u017eet\u00e1ch.<br \/>\n5. Vzor zadn\u00ed strany je o n\u011bco del\u0161\u00ed ne\u017e p\u0159edn\u00ed.<br \/>\n6. Vysoce viditeln\u00e9 detaily na zadn\u00ed stran\u011b.<br \/>Slo\u017een\u00ed: 94% polyester \/ 6% elastan, 200 gsm.<br \/>Pozn\u00e1mky: *Odn\u00edmateln\u00fd \u0161t\u00edtek.<br \/>\n*Technick\u00e1 tkanina.<br \/>\n*Koncept dua. <br \/><img decoding=\"async\" src=\"https:\/\/static.gorfactory.es\/pics\/measures\/CA_MC_HO.jpg\"><\/p>","protected":false},"excerpt":{"rendered":"<p>Long-sleeve technical raglan sweatshirt for men. 1. Brushed fleece lining. 2. Contrasting reinforced covered seams inside the neck. 3. Matching<\/p>","protected":false},"featured_media":28512,"comment_status":"open","ping_status":"closed","template":"","meta":[],"product_cat":[535,533],"product_tag":[],"class_list":{"0":"post-28511","1":"product","2":"type-product","3":"status-publish","4":"has-post-thumbnail","6":"product_cat-sport-shirts","7":"product_cat-wint_sp","9":"first","10":"instock","11":"shipping-taxable","12":"purchasable","13":"product-type-variable"},"_links":{"self":[{"href":"https:\/\/www.promotio.sk\/cs\/wp-json\/wp\/v2\/product\/28511","targetHints":{"allow":["GET"]}}],"collection":[{"href":"https:\/\/www.promotio.sk\/cs\/wp-json\/wp\/v2\/product"}],"about":[{"href":"https:\/\/www.promotio.sk\/cs\/wp-json\/wp\/v2\/types\/product"}],"replies":[{"embeddable":true,"href":"https:\/\/www.promotio.sk\/cs\/wp-json\/wp\/v2\/comments?post=28511"}],"wp:featuredmedia":[{"embeddable":true,"href":"https:\/\/www.promotio.sk\/cs\/wp-json\/wp\/v2\/media\/28512"}],"wp:attachment":[{"href":"https:\/\/www.promotio.sk\/cs\/wp-json\/wp\/v2\/media?parent=28511"}],"wp:term":[{"taxonomy":"product_cat","embeddable":true,"href":"https:\/\/www.promotio.sk\/cs\/wp-json\/wp\/v2\/product_cat?post=28511"},{"taxonomy":"product_tag","embeddable":true,"href":"https:\/\/www.promotio.sk\/cs\/wp-json\/wp\/v2\/product_tag?post=28511"}],"curies":[{"name":"wp","href":"https:\/\/api.w.org\/{rel}","templated":true}]}}