{"id":28340,"date":"2024-03-11T21:33:48","date_gmt":"2024-03-11T20:33:48","guid":{"rendered":"https:\/\/www.promotio.sk\/shop\/nezaraden\u00e9\/prime\/"},"modified":"2024-03-12T08:48:16","modified_gmt":"2024-03-12T07:48:16","slug":"prime","status":"publish","type":"product","link":"https:\/\/www.promotio.sk\/cs\/shop\/promo-clothing\/wint_sp\/sport-shirts\/prime\/","title":{"rendered":"PRIM\u00c1RN\u00cd"},"content":{"rendered":"<p>Profesion\u00e1ln\u00ed termo tri\u010dko s vyztu\u017eenou tkaninou. Kulat\u00fd v\u00fdst\u0159ih. Extra pohodln\u00fd anatomick\u00fd st\u0159ih. Lehk\u00e9 a prody\u0161n\u00e9.<br \/>Slo\u017een\u00ed: polyamid 92% \/ elastan 8%, 200 g\/m\u00b2.<br \/>Pozn\u00e1mky: *K dispozici v d\u011btsk\u00fdch velikostech<br \/>\n*Prody\u0161n\u00fd model.<\/p>\n<p><img decoding=\"async\" src=\"https:\/\/static.gorfactory.es\/pics\/measures\/CA_MC_HO.jpg\"><\/p>","protected":false},"excerpt":{"rendered":"<p>Professional thermal t-shirt with reinforced fabric. Crew neck. Extra comfortable anatomical design. Light and breathable.Composition: 92% polyamide \/ 8% elastane,<\/p>","protected":false},"featured_media":28341,"comment_status":"open","ping_status":"closed","template":"","meta":[],"product_cat":[535,533],"product_tag":[],"class_list":{"0":"post-28340","1":"product","2":"type-product","3":"status-publish","4":"has-post-thumbnail","6":"product_cat-sport-shirts","7":"product_cat-wint_sp","9":"first","10":"instock","11":"shipping-taxable","12":"purchasable","13":"product-type-variable"},"_links":{"self":[{"href":"https:\/\/www.promotio.sk\/cs\/wp-json\/wp\/v2\/product\/28340","targetHints":{"allow":["GET"]}}],"collection":[{"href":"https:\/\/www.promotio.sk\/cs\/wp-json\/wp\/v2\/product"}],"about":[{"href":"https:\/\/www.promotio.sk\/cs\/wp-json\/wp\/v2\/types\/product"}],"replies":[{"embeddable":true,"href":"https:\/\/www.promotio.sk\/cs\/wp-json\/wp\/v2\/comments?post=28340"}],"wp:featuredmedia":[{"embeddable":true,"href":"https:\/\/www.promotio.sk\/cs\/wp-json\/wp\/v2\/media\/28341"}],"wp:attachment":[{"href":"https:\/\/www.promotio.sk\/cs\/wp-json\/wp\/v2\/media?parent=28340"}],"wp:term":[{"taxonomy":"product_cat","embeddable":true,"href":"https:\/\/www.promotio.sk\/cs\/wp-json\/wp\/v2\/product_cat?post=28340"},{"taxonomy":"product_tag","embeddable":true,"href":"https:\/\/www.promotio.sk\/cs\/wp-json\/wp\/v2\/product_tag?post=28340"}],"curies":[{"name":"wp","href":"https:\/\/api.w.org\/{rel}","templated":true}]}}