{"id":27973,"date":"2024-03-11T13:49:18","date_gmt":"2024-03-11T12:49:18","guid":{"rendered":"https:\/\/www.promotio.sk\/shop\/nezaraden\u00e9\/rudolph\/"},"modified":"2024-03-11T13:54:34","modified_gmt":"2024-03-11T12:54:34","slug":"rudolph","status":"publish","type":"product","link":"https:\/\/www.promotio.sk\/cs\/shop\/promo-clothing\/coats-jackets\/softshell\/rudolph\/","title":{"rendered":"RUDOLPH"},"content":{"rendered":"<p>T\u0159\u00edvrstv\u00e1 softshellov\u00e1 bunda s celoplo\u0161n\u00fdm zipem, chr\u00e1ni\u010dem brady a stahova\u010dem. Dv\u011b bo\u010dn\u00ed kapsy a jedna na hrudi se zipem a stahova\u010dem. Zap\u00edn\u00e1n\u00ed na such\u00fd zip na man\u017eet\u00e1ch. Sedlo na hrudi a z\u00e1dech. Lem s bo\u010dn\u00edmi stahovac\u00edmi knofl\u00edky. <br \/>Slo\u017een\u00ed: T\u0159i vrstvy. Vn\u011bj\u0161\u00ed materi\u00e1l: 95% polyester \/ 5% elastan. Pod\u0161\u00edvka: 100% extra tepl\u00fd mikrofleecov\u00fd polyester. 300 g\/m\u00b2.<br \/>Pozn\u00e1mky: *Odolnost v\u016f\u010di de\u0161ti: 1000 mm.<br \/>\n*Vodot\u011bsn\u00fd.<br \/>\n*V\u011btruodoln\u00e9.<br \/>\n*P\u0159i tisku v\u017edy zva\u017ete omezen\u00ed tohoto typu tkaniny a nutnost chr\u00e1nit inkoust p\u0159ed migrac\u00ed.<br \/>\n*Tisk DTF se pro tento model nedoporu\u010duje.<br \/>\n<br \/><img decoding=\"async\" src=\"https:\/\/static.gorfactory.es\/pics\/measures\/SS6435.jpg\"><\/p>","protected":false},"excerpt":{"rendered":"<p>3-layer softshell jacket with full zip, chin protector and puller. Two side pockets and one on the chest with zipper<\/p>","protected":false},"featured_media":27974,"comment_status":"open","ping_status":"closed","template":"","meta":[],"product_cat":[432,516],"product_tag":[],"class_list":{"0":"post-27973","1":"product","2":"type-product","3":"status-publish","4":"has-post-thumbnail","6":"product_cat-coats-jackets","7":"product_cat-softshell","9":"first","10":"instock","11":"shipping-taxable","12":"purchasable","13":"product-type-variable"},"_links":{"self":[{"href":"https:\/\/www.promotio.sk\/cs\/wp-json\/wp\/v2\/product\/27973","targetHints":{"allow":["GET"]}}],"collection":[{"href":"https:\/\/www.promotio.sk\/cs\/wp-json\/wp\/v2\/product"}],"about":[{"href":"https:\/\/www.promotio.sk\/cs\/wp-json\/wp\/v2\/types\/product"}],"replies":[{"embeddable":true,"href":"https:\/\/www.promotio.sk\/cs\/wp-json\/wp\/v2\/comments?post=27973"}],"wp:featuredmedia":[{"embeddable":true,"href":"https:\/\/www.promotio.sk\/cs\/wp-json\/wp\/v2\/media\/27974"}],"wp:attachment":[{"href":"https:\/\/www.promotio.sk\/cs\/wp-json\/wp\/v2\/media?parent=27973"}],"wp:term":[{"taxonomy":"product_cat","embeddable":true,"href":"https:\/\/www.promotio.sk\/cs\/wp-json\/wp\/v2\/product_cat?post=27973"},{"taxonomy":"product_tag","embeddable":true,"href":"https:\/\/www.promotio.sk\/cs\/wp-json\/wp\/v2\/product_tag?post=27973"}],"curies":[{"name":"wp","href":"https:\/\/api.w.org\/{rel}","templated":true}]}}