{"id":27928,"date":"2024-03-11T13:45:28","date_gmt":"2024-03-11T12:45:28","guid":{"rendered":"https:\/\/www.promotio.sk\/shop\/nezaraden\u00e9\/antartida-woman\/"},"modified":"2024-03-11T13:49:16","modified_gmt":"2024-03-11T12:49:16","slug":"antartida-woman","status":"publish","type":"product","link":"https:\/\/www.promotio.sk\/cs\/shop\/promo-clothing\/coats-jackets\/softshell\/antartida-woman\/","title":{"rendered":"\u017dena z Antartide"},"content":{"rendered":"<p>2vrstv\u00fd softshell s obr\u00e1cen\u00fdm zipem s uzav\u0159en\u00fdm efektem, s odpov\u00eddaj\u00edc\u00edm chr\u00e1ni\u010dem brady a tah\u00e1kem zipu. T\u0159i vn\u011bj\u0161\u00ed kapsy s odpov\u00eddaj\u00edc\u00edm zipem a tah\u00e1kem. Such\u00e9 zipy na man\u017eet\u00e1ch. Spodn\u00ed lem s elastickou stahovac\u00ed \u0161\u0148\u016frkou a zar\u00e1\u017ekami.<br \/>Slo\u017een\u00ed: Dv\u011b vrstvy.<br \/>\nSko\u0159\u00e1pka: 92 % polyester \/ 8% elastan.<br \/>\nPod\u0161\u00edvka: 100% extra tepl\u00fd mikrofleece polyester.<br \/>\n300 gsm.<br \/>Pozn\u00e1mky: *V\u011btruvzdorn\u00e1 tkanina.<br \/>\n* Vod\u011bodoln\u00fd<br \/>\n*Koncept Duo.<br \/>\n*Slim-fit v d\u00e1msk\u00e9m modelu.<br \/>\n*Ragl\u00e1nov\u00fd ruk\u00e1v pouze u d\u00e1msk\u00e9ho modelu.<br \/>\n*Vodn\u00ed sloupec: 1000 mm.<br \/>\n*P\u0159i tisku v\u017edy zva\u017ete omezen\u00ed tohoto typu tkaniny a nutnost chr\u00e1nit inkoust p\u0159ed migrac\u00ed.<br \/>\n*Tisk DTF se pro tento model nedoporu\u010duje.<br \/><img decoding=\"async\" src=\"https:\/\/static.gorfactory.es\/pics\/measures\/SS6433.jpg\"><\/p>","protected":false},"excerpt":{"rendered":"<p>2-layer softshell with inverted sealed-effect zip, with matching chin protector and zipper puller. Three outside pockets with matching zip and<\/p>","protected":false},"featured_media":27929,"comment_status":"open","ping_status":"closed","template":"","meta":[],"product_cat":[432,516],"product_tag":[],"class_list":{"0":"post-27928","1":"product","2":"type-product","3":"status-publish","4":"has-post-thumbnail","6":"product_cat-coats-jackets","7":"product_cat-softshell","9":"first","10":"instock","11":"shipping-taxable","12":"purchasable","13":"product-type-variable"},"_links":{"self":[{"href":"https:\/\/www.promotio.sk\/cs\/wp-json\/wp\/v2\/product\/27928","targetHints":{"allow":["GET"]}}],"collection":[{"href":"https:\/\/www.promotio.sk\/cs\/wp-json\/wp\/v2\/product"}],"about":[{"href":"https:\/\/www.promotio.sk\/cs\/wp-json\/wp\/v2\/types\/product"}],"replies":[{"embeddable":true,"href":"https:\/\/www.promotio.sk\/cs\/wp-json\/wp\/v2\/comments?post=27928"}],"wp:featuredmedia":[{"embeddable":true,"href":"https:\/\/www.promotio.sk\/cs\/wp-json\/wp\/v2\/media\/27929"}],"wp:attachment":[{"href":"https:\/\/www.promotio.sk\/cs\/wp-json\/wp\/v2\/media?parent=27928"}],"wp:term":[{"taxonomy":"product_cat","embeddable":true,"href":"https:\/\/www.promotio.sk\/cs\/wp-json\/wp\/v2\/product_cat?post=27928"},{"taxonomy":"product_tag","embeddable":true,"href":"https:\/\/www.promotio.sk\/cs\/wp-json\/wp\/v2\/product_tag?post=27928"}],"curies":[{"name":"wp","href":"https:\/\/api.w.org\/{rel}","templated":true}]}}