{"id":27864,"date":"2024-03-11T13:40:39","date_gmt":"2024-03-11T12:40:39","guid":{"rendered":"https:\/\/www.promotio.sk\/shop\/nezaraden\u00e9\/antartida\/"},"modified":"2024-03-11T13:45:25","modified_gmt":"2024-03-11T12:45:25","slug":"antartida","status":"publish","type":"product","link":"https:\/\/www.promotio.sk\/cs\/shop\/promo-clothing\/coats-jackets\/softshell\/antartida\/","title":{"rendered":"ANTARTIDA"},"content":{"rendered":"<p>Dvouvrstv\u00e1 softshellov\u00e1 mikina s teplou vnit\u0159n\u00ed pod\u0161\u00edvkou z mikrofleecov\u00e9ho materi\u00e1lu. Obr\u00e1cen\u00fd centr\u00e1ln\u00ed zip s chr\u00e1ni\u010dem brady a stahova\u010dem. St\u0159ih na hrudi. Dv\u011b bo\u010dn\u00ed kapsy a jedna na zip na hrudi. Zap\u00edn\u00e1n\u00ed na such\u00fd zip na man\u017eet\u00e1ch. Lem s bo\u010dn\u00edmi regul\u00e1tory.<br \/>\n<br \/>Slo\u017een\u00ed: Dv\u011b vrstvy. Vn\u011bj\u0161\u00ed materi\u00e1l: 92 % polyester \/ 8% elastan. Pod\u0161\u00edvka: 100% extra tepl\u00fd mikrofleecov\u00fd polyester. 300 g\/m\u00b2.<br \/>Pozn\u00e1mky: *Ragl\u00e1nov\u00fd ruk\u00e1v pouze u d\u00e1msk\u00e9ho modelu.<br \/>\n*1000 mm vodn\u00edho sloupce.<br \/>\n*Vod\u011bodoln\u00fd.<br \/>\n*V\u011btruodoln\u00e1 tkanina.<br \/>\n*Koncept dua.<br \/>\n*K dispozici d\u011btsk\u00e9 velikosti.<br \/>\n*P\u0159i tisku v\u017edy zva\u017ete omezen\u00ed tohoto typu tkaniny a nutnost chr\u00e1nit inkoust p\u0159ed migrac\u00ed.<br \/>\n*Tisk DTF se pro tento model nedoporu\u010duje.<br \/><img decoding=\"async\" src=\"https:\/\/static.gorfactory.es\/pics\/measures\/SS6432.jpg\"><\/p>","protected":false},"excerpt":{"rendered":"<p>2-layer softshell with warm inner lining in microfleece fabric. Inverted central zip with matching chin protector and puller. Cut detail<\/p>","protected":false},"featured_media":27865,"comment_status":"open","ping_status":"closed","template":"","meta":[],"product_cat":[432,516],"product_tag":[],"class_list":{"0":"post-27864","1":"product","2":"type-product","3":"status-publish","4":"has-post-thumbnail","6":"product_cat-coats-jackets","7":"product_cat-softshell","9":"first","10":"instock","11":"shipping-taxable","12":"purchasable","13":"product-type-variable"},"_links":{"self":[{"href":"https:\/\/www.promotio.sk\/cs\/wp-json\/wp\/v2\/product\/27864","targetHints":{"allow":["GET"]}}],"collection":[{"href":"https:\/\/www.promotio.sk\/cs\/wp-json\/wp\/v2\/product"}],"about":[{"href":"https:\/\/www.promotio.sk\/cs\/wp-json\/wp\/v2\/types\/product"}],"replies":[{"embeddable":true,"href":"https:\/\/www.promotio.sk\/cs\/wp-json\/wp\/v2\/comments?post=27864"}],"wp:featuredmedia":[{"embeddable":true,"href":"https:\/\/www.promotio.sk\/cs\/wp-json\/wp\/v2\/media\/27865"}],"wp:attachment":[{"href":"https:\/\/www.promotio.sk\/cs\/wp-json\/wp\/v2\/media?parent=27864"}],"wp:term":[{"taxonomy":"product_cat","embeddable":true,"href":"https:\/\/www.promotio.sk\/cs\/wp-json\/wp\/v2\/product_cat?post=27864"},{"taxonomy":"product_tag","embeddable":true,"href":"https:\/\/www.promotio.sk\/cs\/wp-json\/wp\/v2\/product_tag?post=27864"}],"curies":[{"name":"wp","href":"https:\/\/api.w.org\/{rel}","templated":true}]}}