{"id":27806,"date":"2024-03-11T13:35:42","date_gmt":"2024-03-11T12:35:42","guid":{"rendered":"https:\/\/www.promotio.sk\/shop\/nezaraden\u00e9\/siberia\/"},"modified":"2024-03-11T21:18:19","modified_gmt":"2024-03-11T20:18:19","slug":"siberia","status":"publish","type":"product","link":"https:\/\/www.promotio.sk\/cs\/shop\/promo-clothing\/coats-jackets\/softshell\/siberia\/","title":{"rendered":"SIBI\u0158"},"content":{"rendered":"<p>2-layer sports softshell.<br \/>\n\u00b7 Injected central zip with contrasting chin protector and puller.<br \/>\n\u00b7 Warm inner lining in contrasting microfleece fabric.<br \/>\n\u00b7 Two side pockets and one on chest with invisible zip and puller.<br \/>\n\u00b7 Small pocket on left sleeve.<br \/>\n\u00b7 Matching elastic trim in cuffs and hem.<br \/>\n\u00b7 Foldable hood with contrasting micropolar lining.<br \/>Slo\u017een\u00ed: Dv\u011b vrstvy. Vn\u011bj\u0161\u00ed materi\u00e1l: 92% polyester \/ 8% elastan. Pod\u0161\u00edvka: 100% extra tepl\u00fd mikrofleecov\u00fd polyester. 300 g\/m\u00b2.<br \/>Pozn\u00e1mky: *Odn\u00edmateln\u00fd \u0161t\u00edtek.<br \/>\n*Vodot\u011bsn\u00fd.<br \/>\n*V\u011btruodoln\u00e9.<br \/>\n*P\u0159i tisku v\u017edy zva\u017ete omezen\u00ed tohoto typu tkaniny a nutnost chr\u00e1nit inkoust p\u0159ed migrac\u00ed.<br \/>\n*Tisk DTF se pro tento model nedoporu\u010duje.<br \/><img decoding=\"async\" src=\"https:\/\/static.gorfactory.es\/pics\/measures\/SS_HO.jpg\"><\/p>","protected":false},"excerpt":{"rendered":"<p>2-layer sports softshell. \u00b7 Injected central zip with contrasting chin protector and puller. \u00b7 Warm inner lining in contrasting microfleece<\/p>","protected":false},"featured_media":27807,"comment_status":"open","ping_status":"closed","template":"","meta":[],"product_cat":[432,516],"product_tag":[],"class_list":{"0":"post-27806","1":"product","2":"type-product","3":"status-publish","4":"has-post-thumbnail","6":"product_cat-coats-jackets","7":"product_cat-softshell","9":"first","10":"instock","11":"shipping-taxable","12":"purchasable","13":"product-type-variable"},"_links":{"self":[{"href":"https:\/\/www.promotio.sk\/cs\/wp-json\/wp\/v2\/product\/27806","targetHints":{"allow":["GET"]}}],"collection":[{"href":"https:\/\/www.promotio.sk\/cs\/wp-json\/wp\/v2\/product"}],"about":[{"href":"https:\/\/www.promotio.sk\/cs\/wp-json\/wp\/v2\/types\/product"}],"replies":[{"embeddable":true,"href":"https:\/\/www.promotio.sk\/cs\/wp-json\/wp\/v2\/comments?post=27806"}],"wp:featuredmedia":[{"embeddable":true,"href":"https:\/\/www.promotio.sk\/cs\/wp-json\/wp\/v2\/media\/27807"}],"wp:attachment":[{"href":"https:\/\/www.promotio.sk\/cs\/wp-json\/wp\/v2\/media?parent=27806"}],"wp:term":[{"taxonomy":"product_cat","embeddable":true,"href":"https:\/\/www.promotio.sk\/cs\/wp-json\/wp\/v2\/product_cat?post=27806"},{"taxonomy":"product_tag","embeddable":true,"href":"https:\/\/www.promotio.sk\/cs\/wp-json\/wp\/v2\/product_tag?post=27806"}],"curies":[{"name":"wp","href":"https:\/\/api.w.org\/{rel}","templated":true}]}}