{"id":27671,"date":"2024-03-11T13:23:51","date_gmt":"2024-03-11T12:23:51","guid":{"rendered":"https:\/\/www.promotio.sk\/shop\/nezaraden\u00e9\/norway-sport\/"},"modified":"2024-03-11T21:04:06","modified_gmt":"2024-03-11T20:04:06","slug":"norway-sport","status":"publish","type":"product","link":"https:\/\/www.promotio.sk\/cs\/shop\/promo-clothing\/coats-jackets\/jackets\/norway-sport\/","title":{"rendered":"NORSKO SPORT"},"content":{"rendered":"<p>Pro\u0161\u00edvan\u00e1 sportovn\u00ed bunda s v\u00fdpln\u00ed z p\u00e9\u0159ov\u00e9ho materi\u00e1lu.<br \/>\n\u00b7 Kontrastn\u00ed obr\u00e1cen\u00fd p\u0159edn\u00ed zip s ochranou brady a stahov\u00e1kem.<br \/>\n\u00b7 Pevn\u00e1 nastaviteln\u00e1 kapuce.<br \/>\n\u00b7 Bo\u010dn\u00ed kapsy s kontrastn\u00edm obr\u00e1cen\u00fdm zipem a stahovac\u00edm zipem.<br \/>\n\u00b7 Viditeln\u00e9 detaily na ruk\u00e1vech a z\u00e1dech.<br \/>\n\u00b7 St\u0159ih lemu o 4 cm del\u0161\u00ed ne\u017e u modelu NORWAY.<br \/>\n\u00b7 Kontrastn\u00ed elastick\u00fd lem na kapuci, man\u017eet\u00e1ch a lemu.<br \/>\n\u00b7 Sou\u010d\u00e1st\u00ed balen\u00ed je \u00falo\u017en\u00e1 ta\u0161ka.<br \/>Slo\u017een\u00ed: Sko\u0159\u00e1pka: 100% polyester, 300T.<br \/>\nPod\u0161\u00edvka: 100% polyester.<br \/>\nV\u00fdpl\u0148: 100% polyester, efekt pe\u0159\u00ed.<br \/>\n290 gsm.<br \/>Pozn\u00e1mky: * V\u011btruodoln\u00fd model.<br \/>\n* Vod\u011bodoln\u00fd<br \/>\n* K dispozici v d\u011btsk\u00fdch velikostech.<\/p>","protected":false},"excerpt":{"rendered":"<p>Padded sports jacket with feather touch filling. \u00b7 Contrasting reversed front zip with chin protector and puller. \u00b7 Fixed adjusted<\/p>","protected":false},"featured_media":27672,"comment_status":"open","ping_status":"closed","template":"","meta":[],"product_cat":[432,531],"product_tag":[],"class_list":{"0":"post-27671","1":"product","2":"type-product","3":"status-publish","4":"has-post-thumbnail","6":"product_cat-coats-jackets","7":"product_cat-jackets","9":"first","10":"instock","11":"shipping-taxable","12":"purchasable","13":"product-type-variable"},"_links":{"self":[{"href":"https:\/\/www.promotio.sk\/cs\/wp-json\/wp\/v2\/product\/27671","targetHints":{"allow":["GET"]}}],"collection":[{"href":"https:\/\/www.promotio.sk\/cs\/wp-json\/wp\/v2\/product"}],"about":[{"href":"https:\/\/www.promotio.sk\/cs\/wp-json\/wp\/v2\/types\/product"}],"replies":[{"embeddable":true,"href":"https:\/\/www.promotio.sk\/cs\/wp-json\/wp\/v2\/comments?post=27671"}],"wp:featuredmedia":[{"embeddable":true,"href":"https:\/\/www.promotio.sk\/cs\/wp-json\/wp\/v2\/media\/27672"}],"wp:attachment":[{"href":"https:\/\/www.promotio.sk\/cs\/wp-json\/wp\/v2\/media?parent=27671"}],"wp:term":[{"taxonomy":"product_cat","embeddable":true,"href":"https:\/\/www.promotio.sk\/cs\/wp-json\/wp\/v2\/product_cat?post=27671"},{"taxonomy":"product_tag","embeddable":true,"href":"https:\/\/www.promotio.sk\/cs\/wp-json\/wp\/v2\/product_tag?post=27671"}],"curies":[{"name":"wp","href":"https:\/\/api.w.org\/{rel}","templated":true}]}}