{"id":27621,"date":"2024-03-11T13:19:57","date_gmt":"2024-03-11T12:19:57","guid":{"rendered":"https:\/\/www.promotio.sk\/shop\/nezaraden\u00e9\/finland-woman\/"},"modified":"2024-03-11T21:02:48","modified_gmt":"2024-03-11T20:02:48","slug":"finland-woman","status":"publish","type":"product","link":"https:\/\/www.promotio.sk\/cs\/shop\/promo-clothing\/coats-jackets\/jackets\/finland-woman\/","title":{"rendered":"FINSKOU \u017dENU"},"content":{"rendered":"<p>Women&#8217;s quilted jacket with feather touch padding.<br \/>\n\u00b7 Inverted zippers with matching chin protector and puller.<br \/>\n\u00b7 Two side pockets with zippers.<br \/>\n\u00b7 Matching elastic edging in cuffs and hem.<br \/>\n\u00b7 Kontrastn\u00ed vnit\u0159n\u00ed pod\u0161\u00edvka.<br \/>Slo\u017een\u00ed: Sko\u0159\u00e1pka: 100% polyester, 300T.<br \/>\nPod\u0161\u00edvka: 100% polyester.<br \/>\nV\u00fdpl\u0148: 100% polyester, efekt pe\u0159\u00ed.<br \/>\n290 gsm.<br \/>Remarks: Lightweight and foldable garment.<br \/>\nFitted cut.<br \/>\n* Odn\u00edmateln\u00fd \u0161t\u00edtek.<br \/>\n*Vod\u011bodoln\u00fd.<br \/>\n*V\u011btruodoln\u00e9.<br \/>\n*Koncept dua.<\/p>","protected":false},"excerpt":{"rendered":"<p>Women&#8217;s quilted jacket with feather touch padding. \u00b7 Inverted zippers with matching chin protector and puller. \u00b7 Two side pockets<\/p>","protected":false},"featured_media":27622,"comment_status":"open","ping_status":"closed","template":"","meta":[],"product_cat":[432,531],"product_tag":[],"class_list":{"0":"post-27621","1":"product","2":"type-product","3":"status-publish","4":"has-post-thumbnail","6":"product_cat-coats-jackets","7":"product_cat-jackets","9":"first","10":"instock","11":"shipping-taxable","12":"purchasable","13":"product-type-variable"},"_links":{"self":[{"href":"https:\/\/www.promotio.sk\/cs\/wp-json\/wp\/v2\/product\/27621","targetHints":{"allow":["GET"]}}],"collection":[{"href":"https:\/\/www.promotio.sk\/cs\/wp-json\/wp\/v2\/product"}],"about":[{"href":"https:\/\/www.promotio.sk\/cs\/wp-json\/wp\/v2\/types\/product"}],"replies":[{"embeddable":true,"href":"https:\/\/www.promotio.sk\/cs\/wp-json\/wp\/v2\/comments?post=27621"}],"wp:featuredmedia":[{"embeddable":true,"href":"https:\/\/www.promotio.sk\/cs\/wp-json\/wp\/v2\/media\/27622"}],"wp:attachment":[{"href":"https:\/\/www.promotio.sk\/cs\/wp-json\/wp\/v2\/media?parent=27621"}],"wp:term":[{"taxonomy":"product_cat","embeddable":true,"href":"https:\/\/www.promotio.sk\/cs\/wp-json\/wp\/v2\/product_cat?post=27621"},{"taxonomy":"product_tag","embeddable":true,"href":"https:\/\/www.promotio.sk\/cs\/wp-json\/wp\/v2\/product_tag?post=27621"}],"curies":[{"name":"wp","href":"https:\/\/api.w.org\/{rel}","templated":true}]}}