{"id":27291,"date":"2024-03-11T12:53:57","date_gmt":"2024-03-11T11:53:57","guid":{"rendered":"https:\/\/www.promotio.sk\/shop\/nezaraden\u00e9\/nevada\/"},"modified":"2024-03-11T12:55:56","modified_gmt":"2024-03-11T11:55:56","slug":"nevada","status":"publish","type":"product","link":"https:\/\/www.promotio.sk\/cs\/shop\/promo-clothing\/coats-jackets\/cha\/nevada\/","title":{"rendered":"NEVADA"},"content":{"rendered":"<p>Dvouvrstv\u00e1 softshellov\u00e1 mikina s teplou vnit\u0159n\u00ed pod\u0161\u00edvkou z mikrofleecov\u00e9ho materi\u00e1lu. Zap\u00edn\u00e1n\u00ed na obr\u00e1cen\u00fd centr\u00e1ln\u00ed zip s kontrastn\u00edm chr\u00e1ni\u010dem brady a stahova\u010dem. Dv\u011b bo\u010dn\u00ed kapsy a jedna na hrudi na zip. Lem s bo\u010dn\u00edmi stahovac\u00edmi knofl\u00edky.<br \/>Slo\u017een\u00ed: Vn\u011bj\u0161\u00ed materi\u00e1l: polyester 92% \/ elastan 8%.<br \/>\nPod\u0161\u00edvka: extra tepl\u00fd mikrofleecov\u00fd polyester 100%, 300 g\/m\u00b2.<br \/>Pozn\u00e1mky: * Vod\u011bodoln\u00fd.<br \/>\n*V\u011btruodoln\u00fd model.<br \/>\n*P\u0159i tisku v\u017edy zva\u017ete omezen\u00ed tohoto typu tkaniny a nutnost chr\u00e1nit inkoust p\u0159ed migrac\u00ed.<br \/><img decoding=\"async\" src=\"https:\/\/static.gorfactory.es\/pics\/measures\/RA1199.jpg\"><\/p>","protected":false},"excerpt":{"rendered":"<p>2-layer softshell gillet with warm inner lining in microfleece fabric. Inverted central zip with contrasting chin protector and puller. Two<\/p>","protected":false},"featured_media":27292,"comment_status":"open","ping_status":"closed","template":"","meta":[],"product_cat":[432,516,513],"product_tag":[],"class_list":{"0":"post-27291","1":"product","2":"type-product","3":"status-publish","4":"has-post-thumbnail","6":"product_cat-coats-jackets","7":"product_cat-softshell","8":"product_cat-cha","10":"first","11":"instock","12":"shipping-taxable","13":"purchasable","14":"product-type-variable"},"_links":{"self":[{"href":"https:\/\/www.promotio.sk\/cs\/wp-json\/wp\/v2\/product\/27291","targetHints":{"allow":["GET"]}}],"collection":[{"href":"https:\/\/www.promotio.sk\/cs\/wp-json\/wp\/v2\/product"}],"about":[{"href":"https:\/\/www.promotio.sk\/cs\/wp-json\/wp\/v2\/types\/product"}],"replies":[{"embeddable":true,"href":"https:\/\/www.promotio.sk\/cs\/wp-json\/wp\/v2\/comments?post=27291"}],"wp:featuredmedia":[{"embeddable":true,"href":"https:\/\/www.promotio.sk\/cs\/wp-json\/wp\/v2\/media\/27292"}],"wp:attachment":[{"href":"https:\/\/www.promotio.sk\/cs\/wp-json\/wp\/v2\/media?parent=27291"}],"wp:term":[{"taxonomy":"product_cat","embeddable":true,"href":"https:\/\/www.promotio.sk\/cs\/wp-json\/wp\/v2\/product_cat?post=27291"},{"taxonomy":"product_tag","embeddable":true,"href":"https:\/\/www.promotio.sk\/cs\/wp-json\/wp\/v2\/product_tag?post=27291"}],"curies":[{"name":"wp","href":"https:\/\/api.w.org\/{rel}","templated":true}]}}