{"id":27235,"date":"2024-03-11T12:49:18","date_gmt":"2024-03-11T11:49:18","guid":{"rendered":"https:\/\/www.promotio.sk\/shop\/nezaraden\u00e9\/bellagio\/"},"modified":"2024-03-11T12:53:52","modified_gmt":"2024-03-11T11:53:52","slug":"bellagio","status":"publish","type":"product","link":"https:\/\/www.promotio.sk\/cs\/shop\/promo-clothing\/coats-jackets\/cha\/bellagio\/","title":{"rendered":"BELLAGIO"},"content":{"rendered":"<p>Fl\u00edsov\u00e1 vesta s rol\u00e1kem a zipem ve stejn\u00e9 barv\u011b. Bo\u010dn\u00ed kapsy se zipem ve stejn\u00e9 barv\u011b.<br \/>Slo\u017een\u00ed: polyester 100%, fleecov\u00e1 tkanina, 300 g\/m\u00b2. <br \/>Pozn\u00e1mky: *Odn\u00edmateln\u00fd \u0161t\u00edtek.<br \/>\n<br \/><img decoding=\"async\" src=\"https:\/\/static.gorfactory.es\/pics\/measures\/RA1099.jpg\"><\/p>","protected":false},"excerpt":{"rendered":"<p>Fleece vest with polo neck and matching zipper. Side pockets with matching zipper.Composition: 100% polyester, fleece fabric, 300 gsm. Remarks:<\/p>","protected":false},"featured_media":27236,"comment_status":"open","ping_status":"closed","template":"","meta":[],"product_cat":[432,512,513],"product_tag":[],"class_list":{"0":"post-27235","1":"product","2":"type-product","3":"status-publish","4":"has-post-thumbnail","6":"product_cat-coats-jackets","7":"product_cat-pol","8":"product_cat-cha","10":"first","11":"instock","12":"shipping-taxable","13":"purchasable","14":"product-type-variable"},"_links":{"self":[{"href":"https:\/\/www.promotio.sk\/cs\/wp-json\/wp\/v2\/product\/27235","targetHints":{"allow":["GET"]}}],"collection":[{"href":"https:\/\/www.promotio.sk\/cs\/wp-json\/wp\/v2\/product"}],"about":[{"href":"https:\/\/www.promotio.sk\/cs\/wp-json\/wp\/v2\/types\/product"}],"replies":[{"embeddable":true,"href":"https:\/\/www.promotio.sk\/cs\/wp-json\/wp\/v2\/comments?post=27235"}],"wp:featuredmedia":[{"embeddable":true,"href":"https:\/\/www.promotio.sk\/cs\/wp-json\/wp\/v2\/media\/27236"}],"wp:attachment":[{"href":"https:\/\/www.promotio.sk\/cs\/wp-json\/wp\/v2\/media?parent=27235"}],"wp:term":[{"taxonomy":"product_cat","embeddable":true,"href":"https:\/\/www.promotio.sk\/cs\/wp-json\/wp\/v2\/product_cat?post=27235"},{"taxonomy":"product_tag","embeddable":true,"href":"https:\/\/www.promotio.sk\/cs\/wp-json\/wp\/v2\/product_tag?post=27235"}],"curies":[{"name":"wp","href":"https:\/\/api.w.org\/{rel}","templated":true}]}}