{"id":27197,"date":"2024-03-11T12:45:52","date_gmt":"2024-03-11T11:45:52","guid":{"rendered":"https:\/\/www.promotio.sk\/shop\/nezaraden\u00e9\/nepal\/"},"modified":"2024-03-11T21:03:16","modified_gmt":"2024-03-11T20:03:16","slug":"nepal","status":"publish","type":"product","link":"https:\/\/www.promotio.sk\/cs\/shop\/promo-clothing\/coats-jackets\/jackets\/nepal\/","title":{"rendered":"NEP\u00c1L"},"content":{"rendered":"<p>Sportovn\u00ed parka s pro\u0161\u00edv\u00e1n\u00edm.<br \/>\n\u00b7 Kapuce s k\u0161iltem.<br \/>\n\u00b7 P\u0159edn\u00ed zip s odpov\u00eddaj\u00edc\u00edm stahova\u010dem a chr\u00e1ni\u010dem brady.<br \/>\n\u00b7 Elastick\u00e9 man\u017eety.<br \/>\n\u00b7 Dv\u011b bo\u010dn\u00ed kapsy na zip.<br \/>\n\u00b7 Vnit\u0159n\u00ed lev\u00e1 n\u00e1prsn\u00ed kapsa.<br \/>\n\u00b7 Vnit\u0159n\u00ed p\u0159\u00edstup pro p\u0159epracov\u00e1n\u00ed.<br \/>Slo\u017een\u00ed: Vn\u011bj\u0161\u00ed materi\u00e1l: polyester 100%, taft<br \/>\nV\u00fdpl\u0148: polyester 100%<br \/>\nPod\u0161\u00edvka: polyester 100%, taft<br \/>\n708 g\/m\u00b2<br \/>Pozn\u00e1mky: * Odn\u00edmateln\u00fd \u0161t\u00edtek.<br \/>\n* Vod\u011bodoln\u00fd.<br \/>\n* V\u011btruodoln\u00e9.<br \/><img decoding=\"async\" src=\"https:\/\/static.gorfactory.es\/pics\/measures\/PK_HO.jpg\"><\/p>","protected":false},"excerpt":{"rendered":"<p>Padded sports parka. \u00b7 Hood with peak. \u00b7 Front zip with matching puller and chin protector. \u00b7 Elastic cuffs. \u00b7<\/p>","protected":false},"featured_media":27198,"comment_status":"open","ping_status":"closed","template":"","meta":[],"product_cat":[432,531],"product_tag":[],"class_list":{"0":"post-27197","1":"product","2":"type-product","3":"status-publish","4":"has-post-thumbnail","6":"product_cat-coats-jackets","7":"product_cat-jackets","9":"first","10":"instock","11":"shipping-taxable","12":"purchasable","13":"product-type-variable"},"_links":{"self":[{"href":"https:\/\/www.promotio.sk\/cs\/wp-json\/wp\/v2\/product\/27197","targetHints":{"allow":["GET"]}}],"collection":[{"href":"https:\/\/www.promotio.sk\/cs\/wp-json\/wp\/v2\/product"}],"about":[{"href":"https:\/\/www.promotio.sk\/cs\/wp-json\/wp\/v2\/types\/product"}],"replies":[{"embeddable":true,"href":"https:\/\/www.promotio.sk\/cs\/wp-json\/wp\/v2\/comments?post=27197"}],"wp:featuredmedia":[{"embeddable":true,"href":"https:\/\/www.promotio.sk\/cs\/wp-json\/wp\/v2\/media\/27198"}],"wp:attachment":[{"href":"https:\/\/www.promotio.sk\/cs\/wp-json\/wp\/v2\/media?parent=27197"}],"wp:term":[{"taxonomy":"product_cat","embeddable":true,"href":"https:\/\/www.promotio.sk\/cs\/wp-json\/wp\/v2\/product_cat?post=27197"},{"taxonomy":"product_tag","embeddable":true,"href":"https:\/\/www.promotio.sk\/cs\/wp-json\/wp\/v2\/product_tag?post=27197"}],"curies":[{"name":"wp","href":"https:\/\/api.w.org\/{rel}","templated":true}]}}