{"id":27152,"date":"2024-03-11T12:41:48","date_gmt":"2024-03-11T11:41:48","guid":{"rendered":"https:\/\/www.promotio.sk\/shop\/nezaraden\u00e9\/europa-woman\/"},"modified":"2024-03-11T21:02:25","modified_gmt":"2024-03-11T20:02:25","slug":"europa-woman","status":"publish","type":"product","link":"https:\/\/www.promotio.sk\/cs\/shop\/promo-clothing\/coats-jackets\/jackets\/europa-woman\/","title":{"rendered":"EUROPA WOMEN"},"content":{"rendered":"<p>Fitted and padded waterproof jacket.<br \/>\n\u00b7 Molded central zipper with matching flap.<br \/>\n\u00b7 Vysok\u00fd l\u00edmec se skl\u00e1dac\u00ed kapuc\u00ed.<br \/>\n\u00b7 Zippered side pockets with flap.<br \/>\n\u00b7 Two inner pockets on chest with velcro fastening.<br \/>\n\u00b7 Inner access for screen printing or embroidery.<\/p>\n<p>Slo\u017een\u00ed: Vn\u011bj\u0161\u00ed materi\u00e1l: vod\u011bodoln\u00fd polyester 100%.<br \/>\nPod\u0161\u00edvka: 100% polyester.<br \/>\nV\u00fdpl\u0148: polyester 100%.<br \/>\n400 g\/m\u00b2.<br \/>Remarks: * Slim-fit in women&#8217;s model.<br \/>\n* Inner easy access for printing or embroidery.<br \/>\n* Vod\u011bodoln\u00fd.<br \/>\n* V\u011btruodoln\u00e9.<br \/>\n* Koncept dua.<br \/>\n<br \/><img decoding=\"async\" src=\"https:\/\/static.gorfactory.es\/pics\/measures\/PK5078.jpg\"><\/p>","protected":false},"excerpt":{"rendered":"<p>Fitted and padded waterproof jacket. \u00b7 Molded central zipper with matching flap. \u00b7 High neck with foldable hood. \u00b7 Zippered<\/p>","protected":false},"featured_media":27153,"comment_status":"open","ping_status":"closed","template":"","meta":[],"product_cat":[432,531],"product_tag":[],"class_list":{"0":"post-27152","1":"product","2":"type-product","3":"status-publish","4":"has-post-thumbnail","6":"product_cat-coats-jackets","7":"product_cat-jackets","9":"first","10":"instock","11":"shipping-taxable","12":"purchasable","13":"product-type-variable"},"_links":{"self":[{"href":"https:\/\/www.promotio.sk\/cs\/wp-json\/wp\/v2\/product\/27152","targetHints":{"allow":["GET"]}}],"collection":[{"href":"https:\/\/www.promotio.sk\/cs\/wp-json\/wp\/v2\/product"}],"about":[{"href":"https:\/\/www.promotio.sk\/cs\/wp-json\/wp\/v2\/types\/product"}],"replies":[{"embeddable":true,"href":"https:\/\/www.promotio.sk\/cs\/wp-json\/wp\/v2\/comments?post=27152"}],"wp:featuredmedia":[{"embeddable":true,"href":"https:\/\/www.promotio.sk\/cs\/wp-json\/wp\/v2\/media\/27153"}],"wp:attachment":[{"href":"https:\/\/www.promotio.sk\/cs\/wp-json\/wp\/v2\/media?parent=27152"}],"wp:term":[{"taxonomy":"product_cat","embeddable":true,"href":"https:\/\/www.promotio.sk\/cs\/wp-json\/wp\/v2\/product_cat?post=27152"},{"taxonomy":"product_tag","embeddable":true,"href":"https:\/\/www.promotio.sk\/cs\/wp-json\/wp\/v2\/product_tag?post=27152"}],"curies":[{"name":"wp","href":"https:\/\/api.w.org\/{rel}","templated":true}]}}