{"id":27080,"date":"2024-03-11T12:36:26","date_gmt":"2024-03-11T11:36:26","guid":{"rendered":"https:\/\/www.promotio.sk\/shop\/nezaraden\u00e9\/europa\/"},"modified":"2024-03-11T21:02:13","modified_gmt":"2024-03-11T20:02:13","slug":"europa","status":"publish","type":"product","link":"https:\/\/www.promotio.sk\/cs\/shop\/promo-clothing\/coats-jackets\/jackets\/europa\/","title":{"rendered":"EUROPA"},"content":{"rendered":"<p>Pro\u0161\u00edvan\u00e1 nepromokav\u00e1 bunda.<br \/>\n\u00b7 Centr\u00e1ln\u00ed tvarovan\u00fd zip s odpov\u00eddaj\u00edc\u00ed klopou.<br \/>\n\u00b7 Vysok\u00fd l\u00edmec se skl\u00e1dac\u00ed kapuc\u00ed.<br \/>\n\u00b7 Bo\u010dn\u00ed kapsy se zipem a klopou.<br \/>\n\u00b7 Nastaviteln\u00e9 man\u017eety s popruhy.<br \/>\n\u00b7 Dv\u011b vnit\u0159n\u00ed kapsy se zap\u00edn\u00e1n\u00edm na such\u00fd zip.<br \/>\n\u00b7 Vnit\u0159n\u00ed p\u0159\u00edstup pro s\u00edtotisk a vy\u0161\u00edv\u00e1n\u00ed.<\/p>\n<p>Slo\u017een\u00ed: Vn\u011bj\u0161\u00ed materi\u00e1l: vod\u011bodoln\u00fd polyester 100%.<br \/>\nPod\u0161\u00edvka: 100% polyester.<br \/>\nV\u00fdpl\u0148: polyester 100%.<br \/>\n400 g\/m\u00b2.<br \/>Pozn\u00e1mky: *D\u011btsk\u00e9 velikosti dostupn\u00e9 v tmav\u011b modr\u00e9 barv\u011b 55, \u010derven\u00e9 barv\u011b 60 a \u010dern\u00e9 barv\u011b 02.<br \/>\n*Slim-fit v d\u00e1msk\u00e9m modelu.<br \/>\n* Snadn\u00fd p\u0159\u00edstup do interi\u00e9ru pro potisk nebo vy\u0161\u00edv\u00e1n\u00ed.<br \/>\n*Vodot\u011bsn\u00fd.<br \/>\n*V\u011btruodoln\u00e9.<br \/>\n*Koncept dua.<br \/><img decoding=\"async\" src=\"https:\/\/static.gorfactory.es\/pics\/measures\/PK5077.jpg\"><\/p>","protected":false},"excerpt":{"rendered":"<p>Padded waterproof jacket. \u00b7 Central molded zipper with matching flap. \u00b7 High neck with foldable hood. \u00b7 Side pockets with<\/p>","protected":false},"featured_media":27081,"comment_status":"open","ping_status":"closed","template":"","meta":[],"product_cat":[432,531],"product_tag":[],"class_list":{"0":"post-27080","1":"product","2":"type-product","3":"status-publish","4":"has-post-thumbnail","6":"product_cat-coats-jackets","7":"product_cat-jackets","9":"first","10":"instock","11":"shipping-taxable","12":"purchasable","13":"product-type-variable"},"_links":{"self":[{"href":"https:\/\/www.promotio.sk\/cs\/wp-json\/wp\/v2\/product\/27080","targetHints":{"allow":["GET"]}}],"collection":[{"href":"https:\/\/www.promotio.sk\/cs\/wp-json\/wp\/v2\/product"}],"about":[{"href":"https:\/\/www.promotio.sk\/cs\/wp-json\/wp\/v2\/types\/product"}],"replies":[{"embeddable":true,"href":"https:\/\/www.promotio.sk\/cs\/wp-json\/wp\/v2\/comments?post=27080"}],"wp:featuredmedia":[{"embeddable":true,"href":"https:\/\/www.promotio.sk\/cs\/wp-json\/wp\/v2\/media\/27081"}],"wp:attachment":[{"href":"https:\/\/www.promotio.sk\/cs\/wp-json\/wp\/v2\/media?parent=27080"}],"wp:term":[{"taxonomy":"product_cat","embeddable":true,"href":"https:\/\/www.promotio.sk\/cs\/wp-json\/wp\/v2\/product_cat?post=27080"},{"taxonomy":"product_tag","embeddable":true,"href":"https:\/\/www.promotio.sk\/cs\/wp-json\/wp\/v2\/product_tag?post=27080"}],"curies":[{"name":"wp","href":"https:\/\/api.w.org\/{rel}","templated":true}]}}