{"id":26972,"date":"2024-03-11T12:28:09","date_gmt":"2024-03-11T11:28:09","guid":{"rendered":"https:\/\/www.promotio.sk\/shop\/nezaraden\u00e9\/tallin\/"},"modified":"2024-03-11T21:05:05","modified_gmt":"2024-03-11T20:05:05","slug":"tallin","status":"publish","type":"product","link":"https:\/\/www.promotio.sk\/cs\/shop\/promo-clothing\/coats-jackets\/jackets\/tallin\/","title":{"rendered":"TALLIN"},"content":{"rendered":"<p>Pro\u0161\u00edvan\u00e1 bunda s pevnou kapuc\u00ed.<br \/>\n\u00b7 P\u0159edn\u00ed zip p\u0159ekryt\u00fd l\u00e9gou.<br \/>\n\u00b7 Chr\u00e1ni\u010d brady.<br \/>\n\u00b7 Dv\u011b bo\u010dn\u00ed kapsy na zip.<br \/>\n\u00b7 Elastick\u00e9 man\u017eety. \u00b7 Vnit\u0159n\u00ed p\u0159\u00edstup pro p\u0159epracov\u00e1n\u00ed v oblasti zad a lev\u00e9 strany hrudn\u00edku. <br \/>Slo\u017een\u00ed: Vn\u011bj\u0161\u00ed materi\u00e1l: Polyester 100%<br \/>\nV\u00fdpl\u0148: Polyester 100%<br \/>\nPod\u0161\u00edvka: Polyester 100%<br \/>\n708 g\/m\u00b2<br \/>Pozn\u00e1mky: Zejm\u00e9na pro sportovn\u00ed vybaven\u00ed.<br \/><img decoding=\"async\" src=\"https:\/\/static.gorfactory.es\/pics\/measures\/PK_HO.jpg\"><\/p>","protected":false},"excerpt":{"rendered":"<p>Padded jacket with fixed hood. \u00b7 Front zipper covered with a placket. \u00b7 Chin guard. \u00b7 Two side pockets with<\/p>","protected":false},"featured_media":26973,"comment_status":"open","ping_status":"closed","template":"","meta":[],"product_cat":[432,531],"product_tag":[],"class_list":{"0":"post-26972","1":"product","2":"type-product","3":"status-publish","4":"has-post-thumbnail","6":"product_cat-coats-jackets","7":"product_cat-jackets","9":"first","10":"instock","11":"shipping-taxable","12":"purchasable","13":"product-type-variable"},"_links":{"self":[{"href":"https:\/\/www.promotio.sk\/cs\/wp-json\/wp\/v2\/product\/26972","targetHints":{"allow":["GET"]}}],"collection":[{"href":"https:\/\/www.promotio.sk\/cs\/wp-json\/wp\/v2\/product"}],"about":[{"href":"https:\/\/www.promotio.sk\/cs\/wp-json\/wp\/v2\/types\/product"}],"replies":[{"embeddable":true,"href":"https:\/\/www.promotio.sk\/cs\/wp-json\/wp\/v2\/comments?post=26972"}],"wp:featuredmedia":[{"embeddable":true,"href":"https:\/\/www.promotio.sk\/cs\/wp-json\/wp\/v2\/media\/26973"}],"wp:attachment":[{"href":"https:\/\/www.promotio.sk\/cs\/wp-json\/wp\/v2\/media?parent=26972"}],"wp:term":[{"taxonomy":"product_cat","embeddable":true,"href":"https:\/\/www.promotio.sk\/cs\/wp-json\/wp\/v2\/product_cat?post=26972"},{"taxonomy":"product_tag","embeddable":true,"href":"https:\/\/www.promotio.sk\/cs\/wp-json\/wp\/v2\/product_tag?post=26972"}],"curies":[{"name":"wp","href":"https:\/\/api.w.org\/{rel}","templated":true}]}}