{"id":26851,"date":"2024-03-11T12:18:12","date_gmt":"2024-03-11T11:18:12","guid":{"rendered":"https:\/\/www.promotio.sk\/shop\/nezaraden\u00e9\/hilton\/"},"modified":"2024-03-11T12:21:19","modified_gmt":"2024-03-11T11:21:19","slug":"hilton","status":"publish","type":"product","link":"https:\/\/www.promotio.sk\/cs\/shop\/promo-clothing\/pant_c\/hilton\/","title":{"rendered":"HILTON"},"content":{"rendered":"<p>Dlouh\u00e9 p\u0159il\u00e9hav\u00e9 kalhoty pro \u017eeny z pohodln\u00e9ho a odoln\u00e9ho materi\u00e1lu.<br \/>\n\u00b7 Dv\u011b bo\u010dn\u00ed kapsy s malou kapsou na mince.<br \/>\n\u00b7 Dv\u011b zadn\u00ed kapsy s ozdobn\u00fdm \u0161vem.<br \/>\n\u00b7 Poutka na opasek.<br \/>\n\u00b7 Ide\u00e1ln\u00ed pro pracovn\u00ed od\u011bvy a potravin\u00e1\u0159sk\u00fd pr\u016fmysl.<br \/>\n\u00b7 Detail sedla ve stylu d\u017e\u00edn\u016f. <br \/>Slo\u017een\u00ed: 97% bavlna \/ 3% elastan, 280 g\/m\u00b2.<br \/><img decoding=\"async\" src=\"https:\/\/static.gorfactory.es\/pics\/measures\/PA_MU.jpg\"><\/p>","protected":false},"excerpt":{"rendered":"<p>Fitted long trousers for women in comfortable and resistant fabric. \u00b7 Two side pockets with a small pocket for coins.<\/p>","protected":false},"featured_media":26852,"comment_status":"open","ping_status":"closed","template":"","meta":[],"product_cat":[515],"product_tag":[],"class_list":{"0":"post-26851","1":"product","2":"type-product","3":"status-publish","4":"has-post-thumbnail","6":"product_cat-pant_c","8":"first","9":"instock","10":"shipping-taxable","11":"purchasable","12":"product-type-variable"},"_links":{"self":[{"href":"https:\/\/www.promotio.sk\/cs\/wp-json\/wp\/v2\/product\/26851","targetHints":{"allow":["GET"]}}],"collection":[{"href":"https:\/\/www.promotio.sk\/cs\/wp-json\/wp\/v2\/product"}],"about":[{"href":"https:\/\/www.promotio.sk\/cs\/wp-json\/wp\/v2\/types\/product"}],"replies":[{"embeddable":true,"href":"https:\/\/www.promotio.sk\/cs\/wp-json\/wp\/v2\/comments?post=26851"}],"wp:featuredmedia":[{"embeddable":true,"href":"https:\/\/www.promotio.sk\/cs\/wp-json\/wp\/v2\/media\/26852"}],"wp:attachment":[{"href":"https:\/\/www.promotio.sk\/cs\/wp-json\/wp\/v2\/media?parent=26851"}],"wp:term":[{"taxonomy":"product_cat","embeddable":true,"href":"https:\/\/www.promotio.sk\/cs\/wp-json\/wp\/v2\/product_cat?post=26851"},{"taxonomy":"product_tag","embeddable":true,"href":"https:\/\/www.promotio.sk\/cs\/wp-json\/wp\/v2\/product_tag?post=26851"}],"curies":[{"name":"wp","href":"https:\/\/api.w.org\/{rel}","templated":true}]}}