{"id":26813,"date":"2024-03-11T12:14:57","date_gmt":"2024-03-11T11:14:57","guid":{"rendered":"https:\/\/www.promotio.sk\/shop\/nezaraden\u00e9\/ritz\/"},"modified":"2024-03-11T12:18:10","modified_gmt":"2024-03-11T11:18:10","slug":"ritz","status":"publish","type":"product","link":"https:\/\/www.promotio.sk\/cs\/shop\/promo-clothing\/pant_c\/ritz\/","title":{"rendered":"RITZ"},"content":{"rendered":"<p>Dlouh\u00e9 p\u00e1nsk\u00e9 kalhoty z odoln\u00e9 a pohodln\u00e9 l\u00e1tky.<br \/>\n\u00b7 Dv\u011b bo\u010dn\u00ed kapsy \u0161ikm\u00e9ho st\u0159ihu.<br \/>\n\u00b7 Dv\u011b zadn\u00ed knofl\u00edkov\u00e9 kapsy s knofl\u00edkem a ozdobn\u00fdmi \u0161vy.<br \/>\n\u00b7 Zadn\u00ed \u0161ipky.<br \/>\n\u00b7 Poutka na opasek.<br \/>\n\u00b7 Ide\u00e1ln\u00ed pro pracovn\u00ed od\u011bvy nebo pro hotelnictv\u00ed a catering.<br \/>Slo\u017een\u00ed: 97% bavlna \/ 3% elastan, 280 g\/m\u00b2.<br \/><img decoding=\"async\" src=\"https:\/\/static.gorfactory.es\/pics\/measures\/PA_HO.jpg\"><\/p>","protected":false},"excerpt":{"rendered":"<p>Long trousers for men in resistant and comfortable fabric. \u00b7 Two side pockets in oblique cut. \u00b7 Two back buttonhole<\/p>","protected":false},"featured_media":26814,"comment_status":"open","ping_status":"closed","template":"","meta":[],"product_cat":[515],"product_tag":[],"class_list":{"0":"post-26813","1":"product","2":"type-product","3":"status-publish","4":"has-post-thumbnail","6":"product_cat-pant_c","8":"first","9":"instock","10":"shipping-taxable","11":"purchasable","12":"product-type-variable"},"_links":{"self":[{"href":"https:\/\/www.promotio.sk\/cs\/wp-json\/wp\/v2\/product\/26813","targetHints":{"allow":["GET"]}}],"collection":[{"href":"https:\/\/www.promotio.sk\/cs\/wp-json\/wp\/v2\/product"}],"about":[{"href":"https:\/\/www.promotio.sk\/cs\/wp-json\/wp\/v2\/types\/product"}],"replies":[{"embeddable":true,"href":"https:\/\/www.promotio.sk\/cs\/wp-json\/wp\/v2\/comments?post=26813"}],"wp:featuredmedia":[{"embeddable":true,"href":"https:\/\/www.promotio.sk\/cs\/wp-json\/wp\/v2\/media\/26814"}],"wp:attachment":[{"href":"https:\/\/www.promotio.sk\/cs\/wp-json\/wp\/v2\/media?parent=26813"}],"wp:term":[{"taxonomy":"product_cat","embeddable":true,"href":"https:\/\/www.promotio.sk\/cs\/wp-json\/wp\/v2\/product_cat?post=26813"},{"taxonomy":"product_tag","embeddable":true,"href":"https:\/\/www.promotio.sk\/cs\/wp-json\/wp\/v2\/product_tag?post=26813"}],"curies":[{"name":"wp","href":"https:\/\/api.w.org\/{rel}","templated":true}]}}