{"id":26770,"date":"2024-03-11T12:11:03","date_gmt":"2024-03-11T11:11:03","guid":{"rendered":"https:\/\/www.promotio.sk\/shop\/nezaraden\u00e9\/brock\/"},"modified":"2024-03-11T12:13:08","modified_gmt":"2024-03-11T11:13:08","slug":"brock","status":"publish","type":"product","link":"https:\/\/www.promotio.sk\/cs\/shop\/promo-clothing\/pant_c\/brock\/","title":{"rendered":"BROCK"},"content":{"rendered":"<p>Jeans for men.<br \/>\n\u00b7 B\u011b\u017en\u00fd st\u0159ih a st\u0159edn\u00ed pas.<br \/>\n\u00b7 Pas s 5 poutky.<br \/>\n\u00b7 Zap\u00edn\u00e1n\u00ed na kovov\u00fd zip.<br \/>\n\u00b7 Dv\u011b p\u0159edn\u00ed kapsy a kapsa na mince.<br \/>\n\u00b7 Dv\u011b zadn\u00ed kapsy.<br \/>\n\u00b7 \u010c\u00e1ste\u010dn\u011b p\u0159il\u00e9hav\u00fd st\u0159ih z elastick\u00e9 l\u00e1tky.<br \/>Slo\u017een\u00ed: 78% bavlna \/ 20% polyester \/ 2% elastan, 370 g\/m\u00b2.<br \/>Pozn\u00e1mky: *Etiqueta odstraniteln\u00e1<br \/><img decoding=\"async\" src=\"https:\/\/static.gorfactory.es\/pics\/measures\/PA_HO.jpg\"><\/p>","protected":false},"excerpt":{"rendered":"<p>Jeans for men. \u00b7 Regular fit and mid-rise. \u00b7 Waistband with 5 loops. \u00b7 Fly with metal zip. \u00b7 Two<\/p>","protected":false},"featured_media":26771,"comment_status":"open","ping_status":"closed","template":"","meta":[],"product_cat":[515],"product_tag":[],"class_list":{"0":"post-26770","1":"product","2":"type-product","3":"status-publish","4":"has-post-thumbnail","6":"product_cat-pant_c","8":"first","9":"instock","10":"shipping-taxable","11":"purchasable","12":"product-type-variable"},"_links":{"self":[{"href":"https:\/\/www.promotio.sk\/cs\/wp-json\/wp\/v2\/product\/26770","targetHints":{"allow":["GET"]}}],"collection":[{"href":"https:\/\/www.promotio.sk\/cs\/wp-json\/wp\/v2\/product"}],"about":[{"href":"https:\/\/www.promotio.sk\/cs\/wp-json\/wp\/v2\/types\/product"}],"replies":[{"embeddable":true,"href":"https:\/\/www.promotio.sk\/cs\/wp-json\/wp\/v2\/comments?post=26770"}],"wp:featuredmedia":[{"embeddable":true,"href":"https:\/\/www.promotio.sk\/cs\/wp-json\/wp\/v2\/media\/26771"}],"wp:attachment":[{"href":"https:\/\/www.promotio.sk\/cs\/wp-json\/wp\/v2\/media?parent=26770"}],"wp:term":[{"taxonomy":"product_cat","embeddable":true,"href":"https:\/\/www.promotio.sk\/cs\/wp-json\/wp\/v2\/product_cat?post=26770"},{"taxonomy":"product_tag","embeddable":true,"href":"https:\/\/www.promotio.sk\/cs\/wp-json\/wp\/v2\/product_tag?post=26770"}],"curies":[{"name":"wp","href":"https:\/\/api.w.org\/{rel}","templated":true}]}}