{"id":26693,"date":"2024-03-11T12:04:04","date_gmt":"2024-03-11T11:04:04","guid":{"rendered":"https:\/\/www.promotio.sk\/shop\/nezaraden\u00e9\/makalu\/"},"modified":"2024-03-11T21:03:01","modified_gmt":"2024-03-11T20:03:01","slug":"makalu","status":"publish","type":"product","link":"https:\/\/www.promotio.sk\/cs\/shop\/promo-clothing\/coats-jackets\/jackets\/makalu\/","title":{"rendered":"MAKALU"},"content":{"rendered":"<p>Lehk\u00e1 nepromokav\u00e1 bunda.<br \/>\n\u00b7 Vysok\u00fd l\u00edmec a skl\u00e1dac\u00ed kapuce s regulac\u00ed.<br \/>\n\u00b7 Pod\u0161\u00edvka z mikrofleecu.<br \/>\n\u00b7 P\u0159edn\u00ed zip a chr\u00e1ni\u010d brady.<br \/>\n\u00b7 Elastick\u00e9 man\u017eety.<br \/>\n\u00b7 Dv\u011b bo\u010dn\u00ed kapsy na zip.<br \/>\n\u00b7 Vnit\u0159n\u00ed lev\u00e1 n\u00e1prsn\u00ed kapsa.<br \/>\n                       <br \/>Slo\u017een\u00ed: Vn\u011bj\u0161\u00ed vrstva: polyester 100%.<br \/>\nV\u00fdpl\u0148: polyester 100%<br \/>\nPod\u0161\u00edvka: polyester 100%, mikrofleece<br \/>\n330 g\/m\u00b2<br \/>Pozn\u00e1mky: * Odn\u00edmateln\u00fd \u0161t\u00edtek.<br \/>\n* Vod\u011bodoln\u00fd.<br \/>\n* V\u011btruodoln\u00e9.<br \/><img decoding=\"async\" src=\"https:\/\/static.gorfactory.es\/pics\/measures\/CQ_HOMU.jpg\"><\/p>","protected":false},"excerpt":{"rendered":"<p>Light waterproof jacket. \u00b7 High collar and foldable hood with adjusters. \u00b7 Microfleece lining. \u00b7 Front zip and chin protector.<\/p>","protected":false},"featured_media":26694,"comment_status":"open","ping_status":"closed","template":"","meta":[],"product_cat":[432,531],"product_tag":[],"class_list":{"0":"post-26693","1":"product","2":"type-product","3":"status-publish","4":"has-post-thumbnail","6":"product_cat-coats-jackets","7":"product_cat-jackets","9":"first","10":"instock","11":"shipping-taxable","12":"purchasable","13":"product-type-variable"},"_links":{"self":[{"href":"https:\/\/www.promotio.sk\/cs\/wp-json\/wp\/v2\/product\/26693","targetHints":{"allow":["GET"]}}],"collection":[{"href":"https:\/\/www.promotio.sk\/cs\/wp-json\/wp\/v2\/product"}],"about":[{"href":"https:\/\/www.promotio.sk\/cs\/wp-json\/wp\/v2\/types\/product"}],"replies":[{"embeddable":true,"href":"https:\/\/www.promotio.sk\/cs\/wp-json\/wp\/v2\/comments?post=26693"}],"wp:featuredmedia":[{"embeddable":true,"href":"https:\/\/www.promotio.sk\/cs\/wp-json\/wp\/v2\/media\/26694"}],"wp:attachment":[{"href":"https:\/\/www.promotio.sk\/cs\/wp-json\/wp\/v2\/media?parent=26693"}],"wp:term":[{"taxonomy":"product_cat","embeddable":true,"href":"https:\/\/www.promotio.sk\/cs\/wp-json\/wp\/v2\/product_cat?post=26693"},{"taxonomy":"product_tag","embeddable":true,"href":"https:\/\/www.promotio.sk\/cs\/wp-json\/wp\/v2\/product_tag?post=26693"}],"curies":[{"name":"wp","href":"https:\/\/api.w.org\/{rel}","templated":true}]}}