{"id":26662,"date":"2024-03-11T12:01:34","date_gmt":"2024-03-11T11:01:34","guid":{"rendered":"https:\/\/www.promotio.sk\/shop\/nezaraden\u00e9\/minsk\/"},"modified":"2024-03-11T21:03:27","modified_gmt":"2024-03-11T20:03:27","slug":"minsk","status":"publish","type":"product","link":"https:\/\/www.promotio.sk\/cs\/shop\/promo-clothing\/coats-jackets\/jackets\/minsk\/","title":{"rendered":"MINSK"},"content":{"rendered":"<p>P\u00e1nsk\u00e1 bunda v kombinaci dvou l\u00e1tek:<br \/>\n\u00b7 Pevn\u00e1 nastaviteln\u00e1 kapuce.<br \/>\n\u00b7 Ragl\u00e1nov\u00e9 ruk\u00e1vy.<br \/>\n\u00b7 Ruk\u00e1vy, bo\u010dn\u00ed panely a kapuce ze softshellov\u00e9 tkaniny.<br \/>\n\u00b7 Pro\u0161\u00edvan\u00e1 l\u00e1tka s pe\u0159\u00edm na dotek vp\u0159edu i vzadu.<br \/>\n\u00b7 Obr\u00e1cen\u00fd zip s odpov\u00eddaj\u00edc\u00edm chr\u00e1ni\u010dem brady a stahov\u00e1kem.<br \/>\n\u00b7 Dv\u011b p\u0159edn\u00ed kapsy se zipy.<br \/>\n\u00b7 Slad\u011bn\u00fd elastick\u00fd lem na l\u00edmci, man\u017eet\u00e1ch a lemu.<br \/>Slo\u017een\u00ed: P\u0159edn\u00ed a zadn\u00ed strana: polyester 100%.<br \/>\nV\u00fdpl\u0148: 100% polyester, efekt pe\u0159\u00ed.<br \/>\nRuk\u00e1vy: polyesterov\u00e1 tkanina 100%.<br \/>\n290 gsm.<br \/>Pozn\u00e1mky: * Odn\u00edmateln\u00fd \u0161t\u00edtek.<br \/>\n* V\u011btruodoln\u00fd model.<br \/><img decoding=\"async\" src=\"https:\/\/static.gorfactory.es\/pics\/measures\/CQ_HOMU.jpg\"><\/p>","protected":false},"excerpt":{"rendered":"<p>Men&#8217;s jacket in two-fabric combination: \u00b7 Fixed adjusted hood. \u00b7 Raglan sleeves. \u00b7 Sleeves, side panels and hood in softshell<\/p>","protected":false},"featured_media":26663,"comment_status":"open","ping_status":"closed","template":"","meta":[],"product_cat":[432,531],"product_tag":[],"class_list":{"0":"post-26662","1":"product","2":"type-product","3":"status-publish","4":"has-post-thumbnail","6":"product_cat-coats-jackets","7":"product_cat-jackets","9":"first","10":"instock","11":"shipping-taxable","12":"purchasable","13":"product-type-variable"},"_links":{"self":[{"href":"https:\/\/www.promotio.sk\/cs\/wp-json\/wp\/v2\/product\/26662","targetHints":{"allow":["GET"]}}],"collection":[{"href":"https:\/\/www.promotio.sk\/cs\/wp-json\/wp\/v2\/product"}],"about":[{"href":"https:\/\/www.promotio.sk\/cs\/wp-json\/wp\/v2\/types\/product"}],"replies":[{"embeddable":true,"href":"https:\/\/www.promotio.sk\/cs\/wp-json\/wp\/v2\/comments?post=26662"}],"wp:featuredmedia":[{"embeddable":true,"href":"https:\/\/www.promotio.sk\/cs\/wp-json\/wp\/v2\/media\/26663"}],"wp:attachment":[{"href":"https:\/\/www.promotio.sk\/cs\/wp-json\/wp\/v2\/media?parent=26662"}],"wp:term":[{"taxonomy":"product_cat","embeddable":true,"href":"https:\/\/www.promotio.sk\/cs\/wp-json\/wp\/v2\/product_cat?post=26662"},{"taxonomy":"product_tag","embeddable":true,"href":"https:\/\/www.promotio.sk\/cs\/wp-json\/wp\/v2\/product_tag?post=26662"}],"curies":[{"name":"wp","href":"https:\/\/api.w.org\/{rel}","templated":true}]}}