{"id":26647,"date":"2024-03-11T12:00:13","date_gmt":"2024-03-11T11:00:13","guid":{"rendered":"https:\/\/www.promotio.sk\/shop\/nezaraden\u00e9\/yukon\/"},"modified":"2024-03-11T21:05:24","modified_gmt":"2024-03-11T20:05:24","slug":"yukon","status":"publish","type":"product","link":"https:\/\/www.promotio.sk\/cs\/shop\/promo-clothing\/coats-jackets\/jackets\/yukon\/","title":{"rendered":"YUKON"},"content":{"rendered":"<p>Comfortable high collar quilted jacket in very resistant fabric.<br \/>\n\u00b7 Matching front zip, chin protector and puller.<br \/>\n\u00b7 Three outer pockets with flap, zip and puller.<br \/>\n\u00b7 One on the right chest and two on the sides.<br \/>\n<br \/>Composition: 100% waterproof polyester, 300 gsm.<br \/>Pozn\u00e1mky: *Snadn\u00fd p\u0159\u00edstup zevnit\u0159 pro s\u00edtotisk nebo vy\u0161\u00edv\u00e1n\u00ed.<br \/>\n*Waterproof model.<br \/>\n*V\u011btruodoln\u00fd model. <br \/><img decoding=\"async\" src=\"https:\/\/static.gorfactory.es\/pics\/measures\/CQ_HOMU.jpg\"><\/p>","protected":false},"excerpt":{"rendered":"<p>Comfortable high collar quilted jacket in very resistant fabric. \u00b7 Matching front zip, chin protector and puller. \u00b7 Three outer<\/p>","protected":false},"featured_media":26648,"comment_status":"open","ping_status":"closed","template":"","meta":[],"product_cat":[432,531],"product_tag":[],"class_list":{"0":"post-26647","1":"product","2":"type-product","3":"status-publish","4":"has-post-thumbnail","6":"product_cat-coats-jackets","7":"product_cat-jackets","9":"first","10":"instock","11":"shipping-taxable","12":"purchasable","13":"product-type-variable"},"_links":{"self":[{"href":"https:\/\/www.promotio.sk\/cs\/wp-json\/wp\/v2\/product\/26647","targetHints":{"allow":["GET"]}}],"collection":[{"href":"https:\/\/www.promotio.sk\/cs\/wp-json\/wp\/v2\/product"}],"about":[{"href":"https:\/\/www.promotio.sk\/cs\/wp-json\/wp\/v2\/types\/product"}],"replies":[{"embeddable":true,"href":"https:\/\/www.promotio.sk\/cs\/wp-json\/wp\/v2\/comments?post=26647"}],"wp:featuredmedia":[{"embeddable":true,"href":"https:\/\/www.promotio.sk\/cs\/wp-json\/wp\/v2\/media\/26648"}],"wp:attachment":[{"href":"https:\/\/www.promotio.sk\/cs\/wp-json\/wp\/v2\/media?parent=26647"}],"wp:term":[{"taxonomy":"product_cat","embeddable":true,"href":"https:\/\/www.promotio.sk\/cs\/wp-json\/wp\/v2\/product_cat?post=26647"},{"taxonomy":"product_tag","embeddable":true,"href":"https:\/\/www.promotio.sk\/cs\/wp-json\/wp\/v2\/product_tag?post=26647"}],"curies":[{"name":"wp","href":"https:\/\/api.w.org\/{rel}","templated":true}]}}