{"id":26610,"date":"2024-03-11T11:57:04","date_gmt":"2024-03-11T10:57:04","guid":{"rendered":"https:\/\/www.promotio.sk\/shop\/nezaraden\u00e9\/utah\/"},"modified":"2024-03-11T21:05:14","modified_gmt":"2024-03-11T20:05:14","slug":"utah","status":"publish","type":"product","link":"https:\/\/www.promotio.sk\/cs\/shop\/promo-clothing\/coats-jackets\/jackets\/utah\/","title":{"rendered":"UTAH"},"content":{"rendered":"<p>Pro\u0161\u00edvan\u00e1 bunda z velmi odoln\u00e9 l\u00e1tky. Vnit\u0159n\u00ed \u017eebrovan\u00fd l\u00edmec 2\u00d72.<br \/>\n\u00b7 P\u0159edn\u00ed zip s odpov\u00eddaj\u00edc\u00edm chr\u00e1ni\u010dem brady.<br \/>\n\u00b7 Dv\u011b dvojit\u00e9 funk\u010dn\u00ed p\u0159edn\u00ed kapsy: jedna otev\u0159en\u00e1 kapsa a jedna kapsa na zip.<br \/>\n\u00b7 Kapsa na zip s klopou na lev\u00e9m ruk\u00e1vu.<br \/>\n\u00b7 Vnit\u0159n\u00ed kapsa na zip na lev\u00e9 stran\u011b.<br \/>\n\u00b7 Stahovac\u00ed p\u00e1sky s gumi\u010dkou uvnit\u0159 lemu.<br \/>\n<br \/>Slo\u017een\u00ed: vod\u011bodoln\u00fd polyester 100%.<br \/>\n350 g\/m\u00b2.<br \/>Pozn\u00e1mky: *Snadn\u00fd p\u0159\u00edstup zevnit\u0159 pro s\u00edtotisk nebo vy\u0161\u00edv\u00e1n\u00ed.<br \/>\n*Vodot\u011bsn\u00fd.<br \/>\n*V\u011btruodoln\u00e9.<br \/><img decoding=\"async\" src=\"https:\/\/static.gorfactory.es\/pics\/measures\/CQ_HOMU.jpg\"><\/p>","protected":false},"excerpt":{"rendered":"<p>Quilted jacket in very resistant fabric. Inner 2&#215;2 ribbed high neck. \u00b7 Front zip with matching chin protector. \u00b7 Two<\/p>","protected":false},"featured_media":26611,"comment_status":"open","ping_status":"closed","template":"","meta":[],"product_cat":[432,531],"product_tag":[],"class_list":{"0":"post-26610","1":"product","2":"type-product","3":"status-publish","4":"has-post-thumbnail","6":"product_cat-coats-jackets","7":"product_cat-jackets","9":"first","10":"instock","11":"shipping-taxable","12":"purchasable","13":"product-type-variable"},"_links":{"self":[{"href":"https:\/\/www.promotio.sk\/cs\/wp-json\/wp\/v2\/product\/26610","targetHints":{"allow":["GET"]}}],"collection":[{"href":"https:\/\/www.promotio.sk\/cs\/wp-json\/wp\/v2\/product"}],"about":[{"href":"https:\/\/www.promotio.sk\/cs\/wp-json\/wp\/v2\/types\/product"}],"replies":[{"embeddable":true,"href":"https:\/\/www.promotio.sk\/cs\/wp-json\/wp\/v2\/comments?post=26610"}],"wp:featuredmedia":[{"embeddable":true,"href":"https:\/\/www.promotio.sk\/cs\/wp-json\/wp\/v2\/media\/26611"}],"wp:attachment":[{"href":"https:\/\/www.promotio.sk\/cs\/wp-json\/wp\/v2\/media?parent=26610"}],"wp:term":[{"taxonomy":"product_cat","embeddable":true,"href":"https:\/\/www.promotio.sk\/cs\/wp-json\/wp\/v2\/product_cat?post=26610"},{"taxonomy":"product_tag","embeddable":true,"href":"https:\/\/www.promotio.sk\/cs\/wp-json\/wp\/v2\/product_tag?post=26610"}],"curies":[{"name":"wp","href":"https:\/\/api.w.org\/{rel}","templated":true}]}}