{"id":26586,"date":"2024-03-11T11:55:01","date_gmt":"2024-03-11T10:55:01","guid":{"rendered":"https:\/\/www.promotio.sk\/shop\/nezaraden\u00e9\/alaska\/"},"modified":"2024-03-11T21:01:40","modified_gmt":"2024-03-11T20:01:40","slug":"alaska","status":"publish","type":"product","link":"https:\/\/www.promotio.sk\/cs\/shop\/promo-clothing\/coats-jackets\/jackets\/alaska\/","title":{"rendered":"ALJA\u0160KA"},"content":{"rendered":"<p>Parka z velmi odoln\u00e9 ripstopov\u00e9 tkaniny.<br \/>\n\u00b7 P\u0159edn\u00ed zip a chr\u00e1ni\u010d brady.<br \/>\n\u00b7 Skl\u00e1dac\u00ed kapuce.<br \/>\n\u00b7 Vnit\u0159n\u00ed man\u017eety s prolisem pro palec.<br \/>\n\u00b7 Stahovac\u00ed knofl\u00edky v kapuci a uvnit\u0159 lemu.<br \/>\n\u00b7 T\u0159i p\u0159edn\u00ed kapsy na zip. Jedna na prav\u00e9 stran\u011b hrudn\u00edku a dv\u011b po stran\u00e1ch.<br \/>\n\u00b7 Dv\u011b vnit\u0159n\u00ed kapsy se such\u00fdm zipem.<br \/>\n\u00b7 Nastaviteln\u00e9 man\u017eety se zap\u00edn\u00e1n\u00edm na such\u00fd zip.<br \/>Slo\u017een\u00ed: Vn\u011bj\u0161\u00ed vrstva: polyesterov\u00e1 \u010dtvercov\u00e1 tkanina 100%.<br \/>\nPod\u0161\u00edvka: 100% polyester.<br \/>\n300 gsm.<br \/>Pozn\u00e1mky: *Vodot\u011bsn\u00fd model.<br \/>\n*V\u011btruodoln\u00fd model.<br \/><img decoding=\"async\" src=\"https:\/\/static.gorfactory.es\/pics\/measures\/CQ_HOMU.jpg\"><\/p>","protected":false},"excerpt":{"rendered":"<p>Parka in very resistant ripstop fabric. \u00b7 Front zip and chin protector. \u00b7 Foldable hood. \u00b7 Inner cuffs with thumbslit<\/p>","protected":false},"featured_media":26587,"comment_status":"open","ping_status":"closed","template":"","meta":[],"product_cat":[432,531],"product_tag":[],"class_list":{"0":"post-26586","1":"product","2":"type-product","3":"status-publish","4":"has-post-thumbnail","6":"product_cat-coats-jackets","7":"product_cat-jackets","9":"first","10":"instock","11":"shipping-taxable","12":"purchasable","13":"product-type-variable"},"_links":{"self":[{"href":"https:\/\/www.promotio.sk\/cs\/wp-json\/wp\/v2\/product\/26586","targetHints":{"allow":["GET"]}}],"collection":[{"href":"https:\/\/www.promotio.sk\/cs\/wp-json\/wp\/v2\/product"}],"about":[{"href":"https:\/\/www.promotio.sk\/cs\/wp-json\/wp\/v2\/types\/product"}],"replies":[{"embeddable":true,"href":"https:\/\/www.promotio.sk\/cs\/wp-json\/wp\/v2\/comments?post=26586"}],"wp:featuredmedia":[{"embeddable":true,"href":"https:\/\/www.promotio.sk\/cs\/wp-json\/wp\/v2\/media\/26587"}],"wp:attachment":[{"href":"https:\/\/www.promotio.sk\/cs\/wp-json\/wp\/v2\/media?parent=26586"}],"wp:term":[{"taxonomy":"product_cat","embeddable":true,"href":"https:\/\/www.promotio.sk\/cs\/wp-json\/wp\/v2\/product_cat?post=26586"},{"taxonomy":"product_tag","embeddable":true,"href":"https:\/\/www.promotio.sk\/cs\/wp-json\/wp\/v2\/product_tag?post=26586"}],"curies":[{"name":"wp","href":"https:\/\/api.w.org\/{rel}","templated":true}]}}