{"id":26532,"date":"2024-03-11T11:50:23","date_gmt":"2024-03-11T10:50:23","guid":{"rendered":"https:\/\/www.promotio.sk\/shop\/nezaraden\u00e9\/sitka-woman\/"},"modified":"2024-03-11T15:44:05","modified_gmt":"2024-03-11T14:44:05","slug":"sitka-woman","status":"publish","type":"product","link":"https:\/\/www.promotio.sk\/cs\/shop\/promo-clothing\/coats-jackets\/raincoats\/sitka-woman\/","title":{"rendered":"SITKA WOMAN"},"content":{"rendered":"<p>Nepromokav\u00fd pl\u00e1\u0161t\u011bnka pro \u017eeny.<br \/>\n\u00b7 Kapuce s k\u0161iltem.<br \/>\n\u00b7 Tepeln\u011b zataven\u00e9 zipy a \u0161vy. \u00b7 Kontrastn\u00ed detaily v \u010dern\u00e9 barv\u011b.<br \/>\n\u00b7 Dv\u011b bo\u010dn\u00ed kapsy na zip.<br \/>\n\u00b7 Rozpark na zadn\u00edm lemu.                                                                                    <br \/>Slo\u017een\u00ed: polyester 100%, PU, 210 g\/m\u00b2.<br \/>Pozn\u00e1mky: * Odn\u00edmateln\u00fd \u0161t\u00edtek.<br \/>\n* Vod\u011bodoln\u00fd.<br \/>\n* Koncept dua.<br \/><img decoding=\"async\" src=\"https:\/\/static.gorfactory.es\/pics\/measures\/CB_HO.jpg\"><\/p>","protected":false},"excerpt":{"rendered":"<p>Waterproof raincoat for women. \u00b7 Hood with peak. \u00b7 Heat-sealed zips and seams. \u00b7 Contrasting details in black. \u00b7 Two<\/p>","protected":false},"featured_media":26533,"comment_status":"open","ping_status":"closed","template":"","meta":[],"product_cat":[432,427],"product_tag":[],"class_list":{"0":"post-26532","1":"product","2":"type-product","3":"status-publish","4":"has-post-thumbnail","6":"product_cat-coats-jackets","7":"product_cat-raincoats","9":"first","10":"instock","11":"shipping-taxable","12":"purchasable","13":"product-type-variable"},"_links":{"self":[{"href":"https:\/\/www.promotio.sk\/cs\/wp-json\/wp\/v2\/product\/26532","targetHints":{"allow":["GET"]}}],"collection":[{"href":"https:\/\/www.promotio.sk\/cs\/wp-json\/wp\/v2\/product"}],"about":[{"href":"https:\/\/www.promotio.sk\/cs\/wp-json\/wp\/v2\/types\/product"}],"replies":[{"embeddable":true,"href":"https:\/\/www.promotio.sk\/cs\/wp-json\/wp\/v2\/comments?post=26532"}],"wp:featuredmedia":[{"embeddable":true,"href":"https:\/\/www.promotio.sk\/cs\/wp-json\/wp\/v2\/media\/26533"}],"wp:attachment":[{"href":"https:\/\/www.promotio.sk\/cs\/wp-json\/wp\/v2\/media?parent=26532"}],"wp:term":[{"taxonomy":"product_cat","embeddable":true,"href":"https:\/\/www.promotio.sk\/cs\/wp-json\/wp\/v2\/product_cat?post=26532"},{"taxonomy":"product_tag","embeddable":true,"href":"https:\/\/www.promotio.sk\/cs\/wp-json\/wp\/v2\/product_tag?post=26532"}],"curies":[{"name":"wp","href":"https:\/\/api.w.org\/{rel}","templated":true}]}}