{"id":26466,"date":"2024-03-11T11:44:28","date_gmt":"2024-03-11T10:44:28","guid":{"rendered":"https:\/\/www.promotio.sk\/shop\/nezaraden\u00e9\/island\/"},"modified":"2024-03-11T15:44:34","modified_gmt":"2024-03-11T14:44:34","slug":"island","status":"publish","type":"product","link":"https:\/\/www.promotio.sk\/cs\/shop\/promo-clothing\/coats-jackets\/raincoats\/island\/","title":{"rendered":"OSTROV"},"content":{"rendered":"<p>Nepromokav\u00fd pl\u00e1\u0161t\u011bnka.<br \/>\n\u00b7 Vysok\u00fd l\u00edmec a skl\u00e1dac\u00ed kapuce s nastavitelnou stahovac\u00ed \u0161\u0148\u016frkou.<br \/>\n\u00b7 P\u0159edn\u00ed zip s odpov\u00eddaj\u00edc\u00edm jezdcem.<br \/>\n\u00b7 Dv\u011b bo\u010dn\u00ed kapsy s klopou.<br \/>\n\u00b7 Elastick\u00e9 man\u017eety.<br \/>\n\u00b7 Lem s vnit\u0159n\u00ed nastavitelnou stahovac\u00ed \u0161\u0148\u016frkou.<br \/>\n\u00b7 Elastick\u00fd lem uvnit\u0159 kapsy pro skl\u00e1d\u00e1n\u00ed a ulo\u017een\u00ed v\u011bc\u00ed.<br \/>Slo\u017een\u00ed: polyesterov\u00fd taft 100%, 70 g\/m\u00b2.<br \/>Pozn\u00e1mky: *Vodot\u011bsn\u00fd model.<br \/>\n<br \/><img decoding=\"async\" src=\"https:\/\/static.gorfactory.es\/pics\/measures\/CB_HO.jpg\"><\/p>","protected":false},"excerpt":{"rendered":"<p>Waterproof raincoat. \u00b7 High neck and foldable hood with adjustable drawcord. \u00b7 Front zipper with matching puller. \u00b7 Two side<\/p>","protected":false},"featured_media":26467,"comment_status":"open","ping_status":"closed","template":"","meta":[],"product_cat":[432,427],"product_tag":[],"class_list":{"0":"post-26466","1":"product","2":"type-product","3":"status-publish","4":"has-post-thumbnail","6":"product_cat-coats-jackets","7":"product_cat-raincoats","9":"first","10":"instock","11":"shipping-taxable","12":"purchasable","13":"product-type-variable"},"_links":{"self":[{"href":"https:\/\/www.promotio.sk\/cs\/wp-json\/wp\/v2\/product\/26466","targetHints":{"allow":["GET"]}}],"collection":[{"href":"https:\/\/www.promotio.sk\/cs\/wp-json\/wp\/v2\/product"}],"about":[{"href":"https:\/\/www.promotio.sk\/cs\/wp-json\/wp\/v2\/types\/product"}],"replies":[{"embeddable":true,"href":"https:\/\/www.promotio.sk\/cs\/wp-json\/wp\/v2\/comments?post=26466"}],"wp:featuredmedia":[{"embeddable":true,"href":"https:\/\/www.promotio.sk\/cs\/wp-json\/wp\/v2\/media\/26467"}],"wp:attachment":[{"href":"https:\/\/www.promotio.sk\/cs\/wp-json\/wp\/v2\/media?parent=26466"}],"wp:term":[{"taxonomy":"product_cat","embeddable":true,"href":"https:\/\/www.promotio.sk\/cs\/wp-json\/wp\/v2\/product_cat?post=26466"},{"taxonomy":"product_tag","embeddable":true,"href":"https:\/\/www.promotio.sk\/cs\/wp-json\/wp\/v2\/product_tag?post=26466"}],"curies":[{"name":"wp","href":"https:\/\/api.w.org\/{rel}","templated":true}]}}