{"id":26433,"date":"2024-03-11T11:41:29","date_gmt":"2024-03-11T10:41:29","guid":{"rendered":"https:\/\/www.promotio.sk\/shop\/nezaraden\u00e9\/escocia\/"},"modified":"2024-03-11T15:44:49","modified_gmt":"2024-03-11T14:44:49","slug":"escocia","status":"publish","type":"product","link":"https:\/\/www.promotio.sk\/cs\/shop\/promo-clothing\/coats-jackets\/raincoats\/escocia\/","title":{"rendered":"ESCOCIA"},"content":{"rendered":"<p>Nepromokav\u00fd pl\u00e1\u0161t\u011bnka.<br \/>\n\u00b7 Vysok\u00fd l\u00edmec a skl\u00e1dac\u00ed kapuce s nastavitelnou stahovac\u00ed \u0161\u0148\u016frkou.<br \/>\n\u00b7 P\u0159edn\u00ed zip s odpov\u00eddaj\u00edc\u00edm jezdcem.<br \/>\n\u00b7 Two side flap pockets.<br \/>\n\u00b7 Elastick\u00e9 man\u017eety.<br \/>\n\u00b7 Elastic strap inside the pocket for folding and storage.<br \/>Composition: Shell: 100% waterproof polyester, silver coating treatment, 70 gsm.<br \/>Pozn\u00e1mky: *Vodot\u011bsn\u00fd model.<br \/>\n<br \/><img decoding=\"async\" src=\"https:\/\/static.gorfactory.es\/pics\/measures\/CB5074.jpg\"><\/p>","protected":false},"excerpt":{"rendered":"<p>Waterproof raincoat. \u00b7 High neck and foldable hood with adjustable drawcord. \u00b7 Front zipper with matching puller. \u00b7 Two side<\/p>","protected":false},"featured_media":26434,"comment_status":"open","ping_status":"closed","template":"","meta":[],"product_cat":[432,427],"product_tag":[],"class_list":{"0":"post-26433","1":"product","2":"type-product","3":"status-publish","4":"has-post-thumbnail","6":"product_cat-coats-jackets","7":"product_cat-raincoats","9":"first","10":"instock","11":"shipping-taxable","12":"purchasable","13":"product-type-variable"},"_links":{"self":[{"href":"https:\/\/www.promotio.sk\/cs\/wp-json\/wp\/v2\/product\/26433","targetHints":{"allow":["GET"]}}],"collection":[{"href":"https:\/\/www.promotio.sk\/cs\/wp-json\/wp\/v2\/product"}],"about":[{"href":"https:\/\/www.promotio.sk\/cs\/wp-json\/wp\/v2\/types\/product"}],"replies":[{"embeddable":true,"href":"https:\/\/www.promotio.sk\/cs\/wp-json\/wp\/v2\/comments?post=26433"}],"wp:featuredmedia":[{"embeddable":true,"href":"https:\/\/www.promotio.sk\/cs\/wp-json\/wp\/v2\/media\/26434"}],"wp:attachment":[{"href":"https:\/\/www.promotio.sk\/cs\/wp-json\/wp\/v2\/media?parent=26433"}],"wp:term":[{"taxonomy":"product_cat","embeddable":true,"href":"https:\/\/www.promotio.sk\/cs\/wp-json\/wp\/v2\/product_cat?post=26433"},{"taxonomy":"product_tag","embeddable":true,"href":"https:\/\/www.promotio.sk\/cs\/wp-json\/wp\/v2\/product_tag?post=26433"}],"curies":[{"name":"wp","href":"https:\/\/api.w.org\/{rel}","templated":true}]}}