{"id":26395,"date":"2024-03-11T11:38:06","date_gmt":"2024-03-11T10:38:06","guid":{"rendered":"https:\/\/www.promotio.sk\/shop\/nezaraden\u00e9\/ringo\/"},"modified":"2024-03-11T11:41:27","modified_gmt":"2024-03-11T10:41:27","slug":"ringo","status":"publish","type":"product","link":"https:\/\/www.promotio.sk\/cs\/shop\/promo-clothing\/pant_c\/ringo\/","title":{"rendered":"RINGO"},"content":{"rendered":"<p>Kra\u0165asy z elastanu vhodn\u00e9 do pr\u00e1ce i na outdoor.<br \/>\n\u00b7 Zahrnut\u00e9 nohavice.<br \/>\n\u00b7 Bo\u010dn\u00ed a zadn\u00ed kapsy.<br \/>\n\u00b7 Odoln\u00e1, pohodln\u00e1 a snadno se nos\u00edc\u00ed l\u00e1tka.<br \/>Slo\u017een\u00ed: 97% bavlna \/ 3% elastan, 290 g\/m\u00b2. <br \/><img decoding=\"async\" src=\"https:\/\/static.gorfactory.es\/pics\/measures\/BE9005.jpg\"><\/p>","protected":false},"excerpt":{"rendered":"<p>Shorts in elastane for workwear and outdoors. \u00b7 Turn-ups on bottom leg. \u00b7 Side and back pockets. \u00b7 Resistant, comfortable<\/p>","protected":false},"featured_media":26396,"comment_status":"open","ping_status":"closed","template":"","meta":[],"product_cat":[515],"product_tag":[],"class_list":{"0":"post-26395","1":"product","2":"type-product","3":"status-publish","4":"has-post-thumbnail","6":"product_cat-pant_c","8":"first","9":"instock","10":"shipping-taxable","11":"purchasable","12":"product-type-variable"},"_links":{"self":[{"href":"https:\/\/www.promotio.sk\/cs\/wp-json\/wp\/v2\/product\/26395","targetHints":{"allow":["GET"]}}],"collection":[{"href":"https:\/\/www.promotio.sk\/cs\/wp-json\/wp\/v2\/product"}],"about":[{"href":"https:\/\/www.promotio.sk\/cs\/wp-json\/wp\/v2\/types\/product"}],"replies":[{"embeddable":true,"href":"https:\/\/www.promotio.sk\/cs\/wp-json\/wp\/v2\/comments?post=26395"}],"wp:featuredmedia":[{"embeddable":true,"href":"https:\/\/www.promotio.sk\/cs\/wp-json\/wp\/v2\/media\/26396"}],"wp:attachment":[{"href":"https:\/\/www.promotio.sk\/cs\/wp-json\/wp\/v2\/media?parent=26395"}],"wp:term":[{"taxonomy":"product_cat","embeddable":true,"href":"https:\/\/www.promotio.sk\/cs\/wp-json\/wp\/v2\/product_cat?post=26395"},{"taxonomy":"product_tag","embeddable":true,"href":"https:\/\/www.promotio.sk\/cs\/wp-json\/wp\/v2\/product_tag?post=26395"}],"curies":[{"name":"wp","href":"https:\/\/api.w.org\/{rel}","templated":true}]}}