{"id":26298,"date":"2024-03-11T10:58:16","date_gmt":"2024-03-11T09:58:16","guid":{"rendered":"https:\/\/www.promotio.sk\/shop\/nezaraden\u00e9\/kemi\/"},"modified":"2024-03-11T11:20:06","modified_gmt":"2024-03-11T10:20:06","slug":"kemi","status":"publish","type":"product","link":"https:\/\/www.promotio.sk\/cs\/shop\/promo-clothing\/sud_cha\/swe\/kemi\/","title":{"rendered":"KEMI"},"content":{"rendered":"<p>Unisex mikina s kapuc\u00ed. Kapsa ve stylu klokana. Ploch\u00e1 stahovac\u00ed \u0161\u0148\u016frka s vy\u0161\u00edvan\u00fdmi o\u010dky. Man\u017eety a pas z hlavn\u00ed l\u00e1tky. Pro\u0161\u00edvan\u00e9 detaily na ruk\u00e1vech.<br \/>\n<br \/>Slo\u017een\u00ed: 60% bavlna \/ 40% polyester, ne\u010desan\u00fd fleece, 280 gsm.<br \/>Pozn\u00e1mky: Odpov\u00eddaj\u00edc\u00ed od\u011bv: kalhoty LEVI a DERBY.<br \/>\n* Odn\u00edmateln\u00fd \u0161t\u00edtek.<br \/>\n* Unisex.<br \/><img decoding=\"async\" src=\"https:\/\/static.gorfactory.es\/pics\/measures\/SU_HO.jpg\"><\/p>","protected":false},"excerpt":{"rendered":"<p>Unisex mikina s kapuc\u00ed. Kapsa ve stylu klokana. Ploch\u00e1 stahovac\u00ed \u0161\u0148\u016frka s vy\u0161\u00edvan\u00fdmi o\u010dky. Man\u017eety a pas z hlavn\u00ed l\u00e1tky. Pro\u0161\u00edvan\u00e9 detaily na ruk\u00e1vech.<\/p>","protected":false},"featured_media":26299,"comment_status":"open","ping_status":"closed","template":"","meta":[],"product_cat":[511,485,484],"product_tag":[],"class_list":{"0":"post-26298","1":"product","2":"type-product","3":"status-publish","4":"has-post-thumbnail","6":"product_cat-swe_h","7":"product_cat-swe","8":"product_cat-sud_cha","10":"first","11":"instock","12":"shipping-taxable","13":"purchasable","14":"product-type-variable"},"_links":{"self":[{"href":"https:\/\/www.promotio.sk\/cs\/wp-json\/wp\/v2\/product\/26298","targetHints":{"allow":["GET"]}}],"collection":[{"href":"https:\/\/www.promotio.sk\/cs\/wp-json\/wp\/v2\/product"}],"about":[{"href":"https:\/\/www.promotio.sk\/cs\/wp-json\/wp\/v2\/types\/product"}],"replies":[{"embeddable":true,"href":"https:\/\/www.promotio.sk\/cs\/wp-json\/wp\/v2\/comments?post=26298"}],"wp:featuredmedia":[{"embeddable":true,"href":"https:\/\/www.promotio.sk\/cs\/wp-json\/wp\/v2\/media\/26299"}],"wp:attachment":[{"href":"https:\/\/www.promotio.sk\/cs\/wp-json\/wp\/v2\/media?parent=26298"}],"wp:term":[{"taxonomy":"product_cat","embeddable":true,"href":"https:\/\/www.promotio.sk\/cs\/wp-json\/wp\/v2\/product_cat?post=26298"},{"taxonomy":"product_tag","embeddable":true,"href":"https:\/\/www.promotio.sk\/cs\/wp-json\/wp\/v2\/product_tag?post=26298"}],"curies":[{"name":"wp","href":"https:\/\/api.w.org\/{rel}","templated":true}]}}