{"id":26128,"date":"2024-03-11T10:19:22","date_gmt":"2024-03-11T09:19:22","guid":{"rendered":"https:\/\/www.promotio.sk\/shop\/nezaraden\u00e9\/annapurna-woman\/"},"modified":"2024-03-11T10:23:44","modified_gmt":"2024-03-11T09:23:44","slug":"annapurna-woman","status":"publish","type":"product","link":"https:\/\/www.promotio.sk\/cs\/shop\/promo-clothing\/sud_cha\/swe\/annapurna-woman\/","title":{"rendered":"ANNAPURNA \u017dENA"},"content":{"rendered":"<p>Bavln\u011bn\u00e1 mikina s dlouh\u00fdm ruk\u00e1vem a ragl\u00e1nov\u00fdm vzorem. \u017debrovan\u00fd l\u00edmec, man\u017eety a pas. Kulat\u00fd v\u00fdst\u0159ih se zes\u00edlen\u00fdmi kryt\u00fdmi \u0161vy na vnit\u0159n\u00ed stran\u011b krku. P\u0159edn\u00ed detail s k\u0159\u00ed\u017eov\u00fdm pro\u0161\u00edv\u00e1n\u00edm s p\u0159ekryt\u00edm z \u017eebrovan\u00e9 l\u00e1tky 2\u00d71.<br \/>Slo\u017een\u00ed: bavlna 100%, francouzsk\u00e9 frot\u00e9, 260 g\/m\u00b2.<br \/>\nV\u0159esov\u011b \u0161ed\u00e1 barva (58): 85% bavlna \/ 15% visk\u00f3za.<br \/>Pozn\u00e1mky: *Odn\u00edmateln\u00fd \u0161t\u00edtek.<br \/>\n*Koncept dua.<br \/><img decoding=\"async\" src=\"https:\/\/static.gorfactory.es\/pics\/measures\/SU_MU.jpg\"><\/p>","protected":false},"excerpt":{"rendered":"<p>Raglan long-sleeve cotton sweatshirt. 2&#215;1 rib in collar, cuffs and waist. Crew neck with reinforced covered seams on the inside<\/p>","protected":false},"featured_media":26129,"comment_status":"open","ping_status":"closed","template":"","meta":[],"product_cat":[485,484],"product_tag":[],"class_list":{"0":"post-26128","1":"product","2":"type-product","3":"status-publish","4":"has-post-thumbnail","6":"product_cat-swe","7":"product_cat-sud_cha","9":"first","10":"instock","11":"shipping-taxable","12":"purchasable","13":"product-type-variable"},"_links":{"self":[{"href":"https:\/\/www.promotio.sk\/cs\/wp-json\/wp\/v2\/product\/26128","targetHints":{"allow":["GET"]}}],"collection":[{"href":"https:\/\/www.promotio.sk\/cs\/wp-json\/wp\/v2\/product"}],"about":[{"href":"https:\/\/www.promotio.sk\/cs\/wp-json\/wp\/v2\/types\/product"}],"replies":[{"embeddable":true,"href":"https:\/\/www.promotio.sk\/cs\/wp-json\/wp\/v2\/comments?post=26128"}],"wp:featuredmedia":[{"embeddable":true,"href":"https:\/\/www.promotio.sk\/cs\/wp-json\/wp\/v2\/media\/26129"}],"wp:attachment":[{"href":"https:\/\/www.promotio.sk\/cs\/wp-json\/wp\/v2\/media?parent=26128"}],"wp:term":[{"taxonomy":"product_cat","embeddable":true,"href":"https:\/\/www.promotio.sk\/cs\/wp-json\/wp\/v2\/product_cat?post=26128"},{"taxonomy":"product_tag","embeddable":true,"href":"https:\/\/www.promotio.sk\/cs\/wp-json\/wp\/v2\/product_tag?post=26128"}],"curies":[{"name":"wp","href":"https:\/\/api.w.org\/{rel}","templated":true}]}}