{"id":26064,"date":"2024-03-11T10:13:58","date_gmt":"2024-03-11T09:13:58","guid":{"rendered":"https:\/\/www.promotio.sk\/shop\/nezaraden\u00e9\/aneto\/"},"modified":"2024-03-11T10:19:17","modified_gmt":"2024-03-11T09:19:17","slug":"aneto","status":"publish","type":"product","link":"https:\/\/www.promotio.sk\/cs\/shop\/promo-clothing\/sud_cha\/swe\/aneto\/","title":{"rendered":"ANETO"},"content":{"rendered":"<p>Mikina s odpov\u00eddaj\u00edc\u00edm polovi\u010dn\u00edm zipem a polo v\u00fdst\u0159ihem. Odpov\u00eddaj\u00edc\u00ed vnit\u0159n\u00ed l\u00edmec. Zes\u00edlen\u00e9 kryt\u00e9 \u0161vy na vnit\u0159n\u00edm l\u00edmci. 1\u00d71 \u017eebrovan\u00e9 man\u017eety a pas.<br \/>Slo\u017een\u00ed: 50% bavlna \/ 50% polyester, \u010desan\u00fd fleece, 280 gsm.<br \/>\nHeather \u0161ed\u00e1 58: 55% bavlna \/ 40% polyester \/ 5% visk\u00f3za.<br \/>pozn\u00e1mky:<br \/>\n<br \/><img decoding=\"async\" src=\"https:\/\/static.gorfactory.es\/pics\/measures\/SU_HO.jpg\"><\/p>","protected":false},"excerpt":{"rendered":"<p>Sweatshirt with matching half zip and polo neck. Matching inner collar. Reinforced covered seams on inner collar. 1&#215;1 ribbed cuffs<\/p>","protected":false},"featured_media":26065,"comment_status":"open","ping_status":"closed","template":"","meta":[],"product_cat":[485,484],"product_tag":[],"class_list":{"0":"post-26064","1":"product","2":"type-product","3":"status-publish","4":"has-post-thumbnail","6":"product_cat-swe","7":"product_cat-sud_cha","9":"first","10":"instock","11":"shipping-taxable","12":"purchasable","13":"product-type-variable"},"_links":{"self":[{"href":"https:\/\/www.promotio.sk\/cs\/wp-json\/wp\/v2\/product\/26064","targetHints":{"allow":["GET"]}}],"collection":[{"href":"https:\/\/www.promotio.sk\/cs\/wp-json\/wp\/v2\/product"}],"about":[{"href":"https:\/\/www.promotio.sk\/cs\/wp-json\/wp\/v2\/types\/product"}],"replies":[{"embeddable":true,"href":"https:\/\/www.promotio.sk\/cs\/wp-json\/wp\/v2\/comments?post=26064"}],"wp:featuredmedia":[{"embeddable":true,"href":"https:\/\/www.promotio.sk\/cs\/wp-json\/wp\/v2\/media\/26065"}],"wp:attachment":[{"href":"https:\/\/www.promotio.sk\/cs\/wp-json\/wp\/v2\/media?parent=26064"}],"wp:term":[{"taxonomy":"product_cat","embeddable":true,"href":"https:\/\/www.promotio.sk\/cs\/wp-json\/wp\/v2\/product_cat?post=26064"},{"taxonomy":"product_tag","embeddable":true,"href":"https:\/\/www.promotio.sk\/cs\/wp-json\/wp\/v2\/product_tag?post=26064"}],"curies":[{"name":"wp","href":"https:\/\/api.w.org\/{rel}","templated":true}]}}