{"id":25985,"date":"2024-03-11T10:07:35","date_gmt":"2024-03-11T09:07:35","guid":{"rendered":"https:\/\/www.promotio.sk\/shop\/nezaraden\u00e9\/annapurna\/"},"modified":"2024-03-11T10:10:54","modified_gmt":"2024-03-11T09:10:54","slug":"annapurna","status":"publish","type":"product","link":"https:\/\/www.promotio.sk\/cs\/shop\/promo-clothing\/sud_cha\/swe\/annapurna\/","title":{"rendered":"ANNAPURNA"},"content":{"rendered":"<p>Bavln\u011bn\u00e1 mikina s dlouh\u00fdm ruk\u00e1vem a ragl\u00e1nov\u00fdm vzorem. \u017debrovan\u00fd l\u00edmec, man\u017eety a pas. Kulat\u00fd v\u00fdst\u0159ih s ozdobn\u00fdmi zk\u0159\u00ed\u017een\u00fdmi \u0161vy a zes\u00edlen\u00e9 skryt\u00e9 \u0161vy na vnit\u0159n\u00ed stran\u011b l\u00edmce.<br \/>Slo\u017een\u00ed: bavlna 100%, francouzsk\u00e9 frot\u00e9, 260 g\/m\u00b2.<br \/>\nHeather \u0161ed\u00e1 58: 85% bavlna \/ 15% visk\u00f3za.<br \/>Pozn\u00e1mky: *Odn\u00edmateln\u00fd \u0161t\u00edtek.<br \/>\n*Koncept dua.<br \/>\n<br \/><img decoding=\"async\" src=\"https:\/\/static.gorfactory.es\/pics\/measures\/SU_HO.jpg\"><\/p>","protected":false},"excerpt":{"rendered":"<p>Raglan long-sleeve cotton sweatshirt. 1&#215;1 rib in collar, cuffs and waist. Crew neck with crossed seam embellishment and reinforced covered<\/p>","protected":false},"featured_media":25986,"comment_status":"open","ping_status":"closed","template":"","meta":[],"product_cat":[485,484],"product_tag":[],"class_list":{"0":"post-25985","1":"product","2":"type-product","3":"status-publish","4":"has-post-thumbnail","6":"product_cat-swe","7":"product_cat-sud_cha","9":"first","10":"instock","11":"shipping-taxable","12":"purchasable","13":"product-type-variable"},"_links":{"self":[{"href":"https:\/\/www.promotio.sk\/cs\/wp-json\/wp\/v2\/product\/25985","targetHints":{"allow":["GET"]}}],"collection":[{"href":"https:\/\/www.promotio.sk\/cs\/wp-json\/wp\/v2\/product"}],"about":[{"href":"https:\/\/www.promotio.sk\/cs\/wp-json\/wp\/v2\/types\/product"}],"replies":[{"embeddable":true,"href":"https:\/\/www.promotio.sk\/cs\/wp-json\/wp\/v2\/comments?post=25985"}],"wp:featuredmedia":[{"embeddable":true,"href":"https:\/\/www.promotio.sk\/cs\/wp-json\/wp\/v2\/media\/25986"}],"wp:attachment":[{"href":"https:\/\/www.promotio.sk\/cs\/wp-json\/wp\/v2\/media?parent=25985"}],"wp:term":[{"taxonomy":"product_cat","embeddable":true,"href":"https:\/\/www.promotio.sk\/cs\/wp-json\/wp\/v2\/product_cat?post=25985"},{"taxonomy":"product_tag","embeddable":true,"href":"https:\/\/www.promotio.sk\/cs\/wp-json\/wp\/v2\/product_tag?post=25985"}],"curies":[{"name":"wp","href":"https:\/\/api.w.org\/{rel}","templated":true}]}}