{"id":25636,"date":"2024-03-11T09:34:57","date_gmt":"2024-03-11T08:34:57","guid":{"rendered":"https:\/\/www.promotio.sk\/shop\/nezaraden\u00e9\/batian\/"},"modified":"2024-03-11T09:40:22","modified_gmt":"2024-03-11T08:40:22","slug":"batian","status":"publish","type":"product","link":"https:\/\/www.promotio.sk\/cs\/shop\/promo-clothing\/sud_cha\/swe\/batian\/","title":{"rendered":"BATIAN"},"content":{"rendered":"<p>Unisex svetr z \u010desan\u00e9 organick\u00e9 bavlny a recyklovan\u00e9ho polyesteru. L\u00edmec, man\u017eety a lem z \u017eebrovan\u00e9 l\u00e1tky 2\u00d71. Ozdobn\u00e9 ob\u0161it\u00e9 \u0161vy na ramenou, v pr\u016framc\u00edch, l\u00edmci, man\u017eet\u00e1ch a lemu. P\u016flm\u011bs\u00edcov\u00fd \u0161ev na vnit\u0159n\u00ed stran\u011b zadn\u00edho l\u00edmce.<br \/>Slo\u017een\u00ed: 70% organick\u00e1 \u010desan\u00e1 bavlna \/ 30% recyklovan\u00fd polyester, ply\u0161ov\u00fd \u00faplet, 300 g\/m\u00b2.<br \/>\nV\u0159esov\u011b \u0161ed\u00e1 barva (58): 60% organick\u00e1 bavlna \/ 31% recyklovan\u00fd polyester \/ 9% visk\u00f3za.<br \/>Pozn\u00e1mky: *Odn\u00edmateln\u00fd ECO \u0161t\u00edtek.<br \/>\n* Jednotliv\u00e9 recyklovan\u00e9 obaly.<br \/>\n*Unisex model.<br \/><img decoding=\"async\" src=\"https:\/\/static.gorfactory.es\/pics\/measures\/SU_HO.jpg\"><\/p>","protected":false},"excerpt":{"rendered":"<p>Unisex sweater in organic combed cotton and recycled polyester. Collar, cuffs and hem in 2&#215;1 ribbed fabric. Decorative overlocked seams<\/p>","protected":false},"featured_media":25637,"comment_status":"open","ping_status":"closed","template":"","meta":[],"product_cat":[485,484],"product_tag":[],"class_list":{"0":"post-25636","1":"product","2":"type-product","3":"status-publish","4":"has-post-thumbnail","6":"product_cat-swe","7":"product_cat-sud_cha","9":"first","10":"instock","11":"shipping-taxable","12":"purchasable","13":"product-type-variable"},"_links":{"self":[{"href":"https:\/\/www.promotio.sk\/cs\/wp-json\/wp\/v2\/product\/25636","targetHints":{"allow":["GET"]}}],"collection":[{"href":"https:\/\/www.promotio.sk\/cs\/wp-json\/wp\/v2\/product"}],"about":[{"href":"https:\/\/www.promotio.sk\/cs\/wp-json\/wp\/v2\/types\/product"}],"replies":[{"embeddable":true,"href":"https:\/\/www.promotio.sk\/cs\/wp-json\/wp\/v2\/comments?post=25636"}],"wp:featuredmedia":[{"embeddable":true,"href":"https:\/\/www.promotio.sk\/cs\/wp-json\/wp\/v2\/media\/25637"}],"wp:attachment":[{"href":"https:\/\/www.promotio.sk\/cs\/wp-json\/wp\/v2\/media?parent=25636"}],"wp:term":[{"taxonomy":"product_cat","embeddable":true,"href":"https:\/\/www.promotio.sk\/cs\/wp-json\/wp\/v2\/product_cat?post=25636"},{"taxonomy":"product_tag","embeddable":true,"href":"https:\/\/www.promotio.sk\/cs\/wp-json\/wp\/v2\/product_tag?post=25636"}],"curies":[{"name":"wp","href":"https:\/\/api.w.org\/{rel}","templated":true}]}}