{"id":25172,"date":"2024-03-11T08:49:09","date_gmt":"2024-03-11T07:49:09","guid":{"rendered":"https:\/\/www.promotio.sk\/shop\/nezaraden\u00e9\/urban-woman\/"},"modified":"2024-03-11T11:22:10","modified_gmt":"2024-03-11T10:22:10","slug":"urban-woman","status":"publish","type":"product","link":"https:\/\/www.promotio.sk\/cs\/shop\/promo-clothing\/sud_cha\/swe\/urban-woman\/","title":{"rendered":"M\u011aSTSK\u00c1 \u017dENA"},"content":{"rendered":"<p>Mikina p\u0159il\u00e9hav\u00e9ho st\u0159ihu s dvoubarevnou kapuc\u00ed z dvojit\u00e9 l\u00e1tky, kontrastn\u00ed nastavitelnou \u0161\u0148\u016frkou, kryt\u00fdmi \u0161vy v l\u00edmci a klokan\u00ed kapsou pro \u017eeny. \u017debrovan\u00fd lem z elastanu 1\u00d71 na man\u017eet\u00e1ch a lemu. Detail rozparku na palec. <br \/>Slo\u017een\u00ed: 50% bavlna \/ 50% polyester, \u010desan\u00fd fleece, 280 gsm.<br \/>\nHeather \u0161ed\u00e1 58: 55% bavlna \/ 40% polyester \/ 5% visk\u00f3za.<br \/>Pozn\u00e1mky: *Odn\u00edmateln\u00fd \u0161t\u00edtek.<br \/>\n*Koncept dua.<br \/>\n<br \/><img decoding=\"async\" src=\"https:\/\/static.gorfactory.es\/pics\/measures\/SU1068.jpg\"><\/p>","protected":false},"excerpt":{"rendered":"<p>Fitted-cut sweatshirt with two-colour hood in double fabric, contrasting adjustable drawcord, covered seams in collar and kangaroo pocket for women.<\/p>","protected":false},"featured_media":25173,"comment_status":"open","ping_status":"closed","template":"","meta":[],"product_cat":[511,485,484],"product_tag":[],"class_list":{"0":"post-25172","1":"product","2":"type-product","3":"status-publish","4":"has-post-thumbnail","6":"product_cat-swe_h","7":"product_cat-swe","8":"product_cat-sud_cha","10":"first","11":"instock","12":"shipping-taxable","13":"purchasable","14":"product-type-variable"},"_links":{"self":[{"href":"https:\/\/www.promotio.sk\/cs\/wp-json\/wp\/v2\/product\/25172","targetHints":{"allow":["GET"]}}],"collection":[{"href":"https:\/\/www.promotio.sk\/cs\/wp-json\/wp\/v2\/product"}],"about":[{"href":"https:\/\/www.promotio.sk\/cs\/wp-json\/wp\/v2\/types\/product"}],"replies":[{"embeddable":true,"href":"https:\/\/www.promotio.sk\/cs\/wp-json\/wp\/v2\/comments?post=25172"}],"wp:featuredmedia":[{"embeddable":true,"href":"https:\/\/www.promotio.sk\/cs\/wp-json\/wp\/v2\/media\/25173"}],"wp:attachment":[{"href":"https:\/\/www.promotio.sk\/cs\/wp-json\/wp\/v2\/media?parent=25172"}],"wp:term":[{"taxonomy":"product_cat","embeddable":true,"href":"https:\/\/www.promotio.sk\/cs\/wp-json\/wp\/v2\/product_cat?post=25172"},{"taxonomy":"product_tag","embeddable":true,"href":"https:\/\/www.promotio.sk\/cs\/wp-json\/wp\/v2\/product_tag?post=25172"}],"curies":[{"name":"wp","href":"https:\/\/api.w.org\/{rel}","templated":true}]}}