{"id":24829,"date":"2024-03-11T08:26:36","date_gmt":"2024-03-11T07:26:36","guid":{"rendered":"https:\/\/www.promotio.sk\/shop\/nezaraden\u00e9\/urban\/"},"modified":"2024-03-11T11:22:27","modified_gmt":"2024-03-11T10:22:27","slug":"urban","status":"publish","type":"product","link":"https:\/\/www.promotio.sk\/cs\/shop\/promo-clothing\/sud_cha\/swe\/urban\/","title":{"rendered":"M\u011aSTSK\u00dd"},"content":{"rendered":"<p>Dvoubarevn\u00e1 mikina s kapuc\u00ed z dvojit\u00e9 tkaniny, kontrastn\u00ed nastavitelnou stahovac\u00ed \u0161\u0148\u016frkou, zes\u00edlen\u00fdmi kryt\u00fdmi \u0161vy v l\u00edmci a klokan\u00ed kapsou. \u017debrovan\u00fd lem z elastanu 1\u00d71 na man\u017eet\u00e1ch a v pase. D\u011btsk\u00e9 velikosti bez stahovac\u00ed \u0161\u0148\u016frky. <br \/>Slo\u017een\u00ed: 50% bavlna \/ 50% polyester, 280 g\/m\u00b2 kart\u00e1\u010dovan\u00fd fleece.<br \/>\nHeather \u0161ed\u00e1 58: 55% bavlna \/ 40% polyester \/ 5% visk\u00f3za.<br \/>Pozn\u00e1mky: *Odn\u00edmateln\u00fd \u0161t\u00edtek.<br \/>\n*Koncept dua.<br \/>\n*K dispozici d\u011btsk\u00e9 velikosti.<br \/>\n*D\u011btsk\u00e1 mikina bez stahovac\u00edch \u0161\u0148\u016frek<br \/><img decoding=\"async\" src=\"https:\/\/static.gorfactory.es\/pics\/measures\/SU1067.jpg\"><\/p>","protected":false},"excerpt":{"rendered":"<p>Two-colour hoodie with double fabric, contrasting adjustable drawcord, reinforced covered seams in collar and kangaroo style pocket. 1&#215;1 elastane rib<\/p>","protected":false},"featured_media":24830,"comment_status":"open","ping_status":"closed","template":"","meta":[],"product_cat":[511,485,484],"product_tag":[],"class_list":{"0":"post-24829","1":"product","2":"type-product","3":"status-publish","4":"has-post-thumbnail","6":"product_cat-swe_h","7":"product_cat-swe","8":"product_cat-sud_cha","10":"first","11":"instock","12":"shipping-taxable","13":"purchasable","14":"product-type-variable"},"_links":{"self":[{"href":"https:\/\/www.promotio.sk\/cs\/wp-json\/wp\/v2\/product\/24829","targetHints":{"allow":["GET"]}}],"collection":[{"href":"https:\/\/www.promotio.sk\/cs\/wp-json\/wp\/v2\/product"}],"about":[{"href":"https:\/\/www.promotio.sk\/cs\/wp-json\/wp\/v2\/types\/product"}],"replies":[{"embeddable":true,"href":"https:\/\/www.promotio.sk\/cs\/wp-json\/wp\/v2\/comments?post=24829"}],"wp:featuredmedia":[{"embeddable":true,"href":"https:\/\/www.promotio.sk\/cs\/wp-json\/wp\/v2\/media\/24830"}],"wp:attachment":[{"href":"https:\/\/www.promotio.sk\/cs\/wp-json\/wp\/v2\/media?parent=24829"}],"wp:term":[{"taxonomy":"product_cat","embeddable":true,"href":"https:\/\/www.promotio.sk\/cs\/wp-json\/wp\/v2\/product_cat?post=24829"},{"taxonomy":"product_tag","embeddable":true,"href":"https:\/\/www.promotio.sk\/cs\/wp-json\/wp\/v2\/product_tag?post=24829"}],"curies":[{"name":"wp","href":"https:\/\/api.w.org\/{rel}","templated":true}]}}