{"id":24827,"date":"2024-03-11T08:26:30","date_gmt":"2024-03-11T07:26:30","guid":{"rendered":"https:\/\/www.promotio.sk\/shop\/nezaraden\u00e9\/badet\/"},"modified":"2024-03-11T11:22:44","modified_gmt":"2024-03-11T10:22:44","slug":"badet","status":"publish","type":"product","link":"https:\/\/www.promotio.sk\/cs\/shop\/promo-clothing\/sud_cha\/swe\/badet\/","title":{"rendered":"BADET"},"content":{"rendered":"<p>Dvoubarevn\u00e1 unisex mikina s kapuc\u00ed. Kapuce s p\u0159ek\u0159\u00ed\u017een\u00fdm krkem a kovov\u00fdmi o\u010dky. Kontrastn\u00ed vnit\u0159n\u00ed kapuce, stahovac\u00ed \u0161\u0148\u016frka a ragl\u00e1nov\u00e9 ruk\u00e1vy. Klokan\u00ed kapsa. Man\u017eety a lem z \u017eebrovan\u00e9ho \u00fapletu 1X1 elastan.<br \/>Slo\u017een\u00ed: 50% bavlna \/ 50% polyester, \u010desan\u00fd fleece, 280 gsm.<br \/>\nV\u0159esov\u011b \u0161ed\u00e1 barva: 55% bavlna \/ 40% polyester \/ 5% visk\u00f3za.<br \/>Pozn\u00e1mky: * Odn\u00edmateln\u00fd \u0161t\u00edtek.<br \/><img decoding=\"async\" src=\"https:\/\/static.gorfactory.es\/pics\/measures\/SU_HO.jpg\"><\/p>","protected":false},"excerpt":{"rendered":"<p>Two-colour unisex hoodie. Hood with crossed neck and metal eyelets. Contrasting inner hood, drawcord and raglan sleeves. Kangaroo pocket. Cuffs<\/p>","protected":false},"featured_media":24828,"comment_status":"open","ping_status":"closed","template":"","meta":[],"product_cat":[511,485,484],"product_tag":[],"class_list":{"0":"post-24827","1":"product","2":"type-product","3":"status-publish","4":"has-post-thumbnail","6":"product_cat-swe_h","7":"product_cat-swe","8":"product_cat-sud_cha","10":"first","11":"instock","12":"shipping-taxable","13":"purchasable","14":"product-type-variable"},"_links":{"self":[{"href":"https:\/\/www.promotio.sk\/cs\/wp-json\/wp\/v2\/product\/24827","targetHints":{"allow":["GET"]}}],"collection":[{"href":"https:\/\/www.promotio.sk\/cs\/wp-json\/wp\/v2\/product"}],"about":[{"href":"https:\/\/www.promotio.sk\/cs\/wp-json\/wp\/v2\/types\/product"}],"replies":[{"embeddable":true,"href":"https:\/\/www.promotio.sk\/cs\/wp-json\/wp\/v2\/comments?post=24827"}],"wp:featuredmedia":[{"embeddable":true,"href":"https:\/\/www.promotio.sk\/cs\/wp-json\/wp\/v2\/media\/24828"}],"wp:attachment":[{"href":"https:\/\/www.promotio.sk\/cs\/wp-json\/wp\/v2\/media?parent=24827"}],"wp:term":[{"taxonomy":"product_cat","embeddable":true,"href":"https:\/\/www.promotio.sk\/cs\/wp-json\/wp\/v2\/product_cat?post=24827"},{"taxonomy":"product_tag","embeddable":true,"href":"https:\/\/www.promotio.sk\/cs\/wp-json\/wp\/v2\/product_tag?post=24827"}],"curies":[{"name":"wp","href":"https:\/\/api.w.org\/{rel}","templated":true}]}}