{"id":24770,"date":"2024-03-11T08:23:47","date_gmt":"2024-03-11T07:23:47","guid":{"rendered":"https:\/\/www.promotio.sk\/shop\/nezaraden\u00e9\/luciane-woman\/"},"modified":"2024-03-11T21:31:07","modified_gmt":"2024-03-11T20:31:07","slug":"luciane-woman","status":"publish","type":"product","link":"https:\/\/www.promotio.sk\/cs\/shop\/promo-clothing\/sud_cha\/swe\/luciane-woman\/","title":{"rendered":"LUCIANE \u017dENA"},"content":{"rendered":"<p>Mikina z mikrofleecu pro outdoorov\u00e9 sporty s vysok\u00fdm l\u00edmcem, dlouh\u00fdm ruk\u00e1vem a kontrastn\u00edm \u017eebrov\u00e1n\u00edm. Kapsa s kontrastn\u00edm zipem na lev\u00e9m ruk\u00e1vu a kontrastn\u00ed zip vp\u0159edu. \u0160vy na boc\u00edch a hrudn\u00edku. Chr\u00e1ni\u010de lokt\u016f ze stejn\u00e9 l\u00e1tky.<br \/>Slo\u017een\u00ed: 100% micro fleece polyester, 300 gsm.<br \/>Pozn\u00e1mky: *Odn\u00edmateln\u00fd \u0161t\u00edtek.<br \/>\n*Koncept dua.<br \/><img decoding=\"async\" src=\"https:\/\/static.gorfactory.es\/pics\/measures\/SM1196.jpg\"><\/p>","protected":false},"excerpt":{"rendered":"<p>Micro fleece sweat jacket for outdoor sports with high collar, long sleeves and contrasting rib. Pocket with contrasting zip on<\/p>","protected":false},"featured_media":24771,"comment_status":"open","ping_status":"closed","template":"","meta":[],"product_cat":[512,485,484],"product_tag":[],"class_list":{"0":"post-24770","1":"product","2":"type-product","3":"status-publish","4":"has-post-thumbnail","6":"product_cat-pol","7":"product_cat-swe","8":"product_cat-sud_cha","10":"first","11":"instock","12":"shipping-taxable","13":"purchasable","14":"product-type-variable"},"_links":{"self":[{"href":"https:\/\/www.promotio.sk\/cs\/wp-json\/wp\/v2\/product\/24770","targetHints":{"allow":["GET"]}}],"collection":[{"href":"https:\/\/www.promotio.sk\/cs\/wp-json\/wp\/v2\/product"}],"about":[{"href":"https:\/\/www.promotio.sk\/cs\/wp-json\/wp\/v2\/types\/product"}],"replies":[{"embeddable":true,"href":"https:\/\/www.promotio.sk\/cs\/wp-json\/wp\/v2\/comments?post=24770"}],"wp:featuredmedia":[{"embeddable":true,"href":"https:\/\/www.promotio.sk\/cs\/wp-json\/wp\/v2\/media\/24771"}],"wp:attachment":[{"href":"https:\/\/www.promotio.sk\/cs\/wp-json\/wp\/v2\/media?parent=24770"}],"wp:term":[{"taxonomy":"product_cat","embeddable":true,"href":"https:\/\/www.promotio.sk\/cs\/wp-json\/wp\/v2\/product_cat?post=24770"},{"taxonomy":"product_tag","embeddable":true,"href":"https:\/\/www.promotio.sk\/cs\/wp-json\/wp\/v2\/product_tag?post=24770"}],"curies":[{"name":"wp","href":"https:\/\/api.w.org\/{rel}","templated":true}]}}