{"id":24768,"date":"2024-03-11T08:23:43","date_gmt":"2024-03-11T07:23:43","guid":{"rendered":"https:\/\/www.promotio.sk\/shop\/nezaraden\u00e9\/luciane\/"},"modified":"2024-03-11T21:30:43","modified_gmt":"2024-03-11T20:30:43","slug":"luciane","status":"publish","type":"product","link":"https:\/\/www.promotio.sk\/cs\/shop\/promo-clothing\/sud_cha\/swe\/luciane\/","title":{"rendered":"LUCIANE"},"content":{"rendered":"<p>Mikro fleecov\u00e1 mikina pro ka\u017edodenn\u00ed no\u0161en\u00ed s vysok\u00fdm l\u00edmcem, dlouh\u00fdmi ruk\u00e1vy a kontrastn\u00edm \u017eebrov\u00e1n\u00edm. Kapsa s kontrastn\u00edm zipem na lev\u00e9m ruk\u00e1vu a p\u0159edn\u00edm kontrastn\u00edm zipem. \u0160vy na boc\u00edch a hrudi. Chr\u00e1ni\u010de lokt\u016f ze stejn\u00e9 l\u00e1tky.<br \/>Slo\u017een\u00ed: 100% micro fleece polyester, 300 gsm.<br \/>Pozn\u00e1mky: *Odn\u00edmateln\u00fd \u0161t\u00edtek.<br \/>\n*Koncept dua.<br \/><img decoding=\"async\" src=\"https:\/\/static.gorfactory.es\/pics\/measures\/SM1195.jpg\"><\/p>","protected":false},"excerpt":{"rendered":"<p>Micro fleece sweat jacket for everyday use with high collar, long sleeves and contrastin rib. Pocket with contrasting zip on<\/p>","protected":false},"featured_media":24769,"comment_status":"open","ping_status":"closed","template":"","meta":[],"product_cat":[512,485,484],"product_tag":[],"class_list":{"0":"post-24768","1":"product","2":"type-product","3":"status-publish","4":"has-post-thumbnail","6":"product_cat-pol","7":"product_cat-swe","8":"product_cat-sud_cha","10":"first","11":"instock","12":"shipping-taxable","13":"purchasable","14":"product-type-variable"},"_links":{"self":[{"href":"https:\/\/www.promotio.sk\/cs\/wp-json\/wp\/v2\/product\/24768","targetHints":{"allow":["GET"]}}],"collection":[{"href":"https:\/\/www.promotio.sk\/cs\/wp-json\/wp\/v2\/product"}],"about":[{"href":"https:\/\/www.promotio.sk\/cs\/wp-json\/wp\/v2\/types\/product"}],"replies":[{"embeddable":true,"href":"https:\/\/www.promotio.sk\/cs\/wp-json\/wp\/v2\/comments?post=24768"}],"wp:featuredmedia":[{"embeddable":true,"href":"https:\/\/www.promotio.sk\/cs\/wp-json\/wp\/v2\/media\/24769"}],"wp:attachment":[{"href":"https:\/\/www.promotio.sk\/cs\/wp-json\/wp\/v2\/media?parent=24768"}],"wp:term":[{"taxonomy":"product_cat","embeddable":true,"href":"https:\/\/www.promotio.sk\/cs\/wp-json\/wp\/v2\/product_cat?post=24768"},{"taxonomy":"product_tag","embeddable":true,"href":"https:\/\/www.promotio.sk\/cs\/wp-json\/wp\/v2\/product_tag?post=24768"}],"curies":[{"name":"wp","href":"https:\/\/api.w.org\/{rel}","templated":true}]}}