{"id":24033,"date":"2024-03-10T19:43:56","date_gmt":"2024-03-10T18:43:56","guid":{"rendered":"https:\/\/www.promotio.sk\/shop\/nezaraden\u00e9\/pegaso-woman-premium\/"},"modified":"2024-03-10T19:47:13","modified_gmt":"2024-03-10T18:47:13","slug":"pegaso-woman-premium","status":"publish","type":"product","link":"https:\/\/www.promotio.sk\/cs\/shop\/pol_s\/pegaso-woman-premium\/","title":{"rendered":"PEGASO WOMAN PREMIUM"},"content":{"rendered":"<p>Vypasovan\u00e9 polo tri\u010dko s kr\u00e1tk\u00fdm ruk\u00e1vem. L\u00edmec a man\u017eety z \u017eebrovan\u00e9 l\u00e1tky 1\u00d71. 3 knofl\u00edkov\u00e1 l\u00e9ga. Zes\u00edlen\u00e9 kryt\u00e9 \u0161vy v l\u00edmci. Bo\u010dn\u00ed rozparky na lemu.<br \/>Slo\u017een\u00ed: 60% bavlna \/ 40% polyester, pik\u00e9 \u00faplet.<br \/>\nBarva: 190 gsm.<br \/>\nB\u00edl\u00e1: 220 gsm.<br \/>Pozn\u00e1mky: *Odn\u00edmateln\u00fd \u0161t\u00edtek.<br \/>\n*Koncept dua.<br \/><img decoding=\"async\" src=\"https:\/\/static.gorfactory.es\/pics\/measures\/PO_MC_MU.jpg\"><\/p>","protected":false},"excerpt":{"rendered":"<p>Fitted short-sleeve polo shirt. Collar and cuffs in 1&#215;1 ribbed fabric. 3-button placket. Reinforced covered seams in collar. Side slits<\/p>","protected":false},"featured_media":24034,"comment_status":"open","ping_status":"closed","template":"","meta":[],"product_cat":[434],"product_tag":[],"class_list":{"0":"post-24033","1":"product","2":"type-product","3":"status-publish","4":"has-post-thumbnail","6":"product_cat-pol_s","8":"first","9":"instock","10":"shipping-taxable","11":"purchasable","12":"product-type-variable"},"_links":{"self":[{"href":"https:\/\/www.promotio.sk\/cs\/wp-json\/wp\/v2\/product\/24033","targetHints":{"allow":["GET"]}}],"collection":[{"href":"https:\/\/www.promotio.sk\/cs\/wp-json\/wp\/v2\/product"}],"about":[{"href":"https:\/\/www.promotio.sk\/cs\/wp-json\/wp\/v2\/types\/product"}],"replies":[{"embeddable":true,"href":"https:\/\/www.promotio.sk\/cs\/wp-json\/wp\/v2\/comments?post=24033"}],"wp:featuredmedia":[{"embeddable":true,"href":"https:\/\/www.promotio.sk\/cs\/wp-json\/wp\/v2\/media\/24034"}],"wp:attachment":[{"href":"https:\/\/www.promotio.sk\/cs\/wp-json\/wp\/v2\/media?parent=24033"}],"wp:term":[{"taxonomy":"product_cat","embeddable":true,"href":"https:\/\/www.promotio.sk\/cs\/wp-json\/wp\/v2\/product_cat?post=24033"},{"taxonomy":"product_tag","embeddable":true,"href":"https:\/\/www.promotio.sk\/cs\/wp-json\/wp\/v2\/product_tag?post=24033"}],"curies":[{"name":"wp","href":"https:\/\/api.w.org\/{rel}","templated":true}]}}