{"id":24031,"date":"2024-03-10T19:43:54","date_gmt":"2024-03-10T18:43:54","guid":{"rendered":"https:\/\/www.promotio.sk\/shop\/nezaraden\u00e9\/imperium\/"},"modified":"2024-03-10T19:51:31","modified_gmt":"2024-03-10T18:51:31","slug":"imperium","status":"publish","type":"product","link":"https:\/\/www.promotio.sk\/cs\/shop\/pol_s\/imperium\/","title":{"rendered":"IMPERIUM"},"content":{"rendered":"<p>Vysoce kvalitn\u00ed polo tri\u010dko s kr\u00e1tk\u00fdm ruk\u00e1vem z p\u0159\u00edjemn\u00e9 l\u00e1tky. Odpov\u00eddaj\u00edc\u00ed l\u00e9ga na 3 knofl\u00edky v l\u00edmci. 1\u00d71 \u017eebrovan\u00fd l\u00edmec a man\u017eety. Zes\u00edlen\u00e9 kryt\u00e9 \u0161vy na vnit\u0159n\u00ed stran\u011b krku. Bo\u010dn\u00ed rozparky s odpov\u00eddaj\u00edc\u00edm pro\u0161\u00edv\u00e1n\u00edm potahu. Vzor zadn\u00ed \u010d\u00e1sti je o n\u011bco del\u0161\u00ed ne\u017e p\u0159edn\u00ed. Dvojit\u00e9 pro\u0161\u00edv\u00e1n\u00ed na ramenou, ruk\u00e1vech a lemu od\u011bvu.<br \/>Slo\u017een\u00ed: 100% \u010desan\u00e1 bavlna, pik\u00e9 \u00faplet, 220 gsm.<br \/>\nHeather \u0161ed\u00e1 58: 85% bavlna \/ 15% visk\u00f3za.<br \/>Pozn\u00e1mky: *Odn\u00edmateln\u00fd \u0161t\u00edtek.<br \/>\n* Voliteln\u00e1 kapsa.<br \/><img decoding=\"async\" src=\"https:\/\/static.gorfactory.es\/pics\/measures\/PO_MC_HO.jpg\"><\/p>","protected":false},"excerpt":{"rendered":"<p>High quality short-sleeve polo shirt in comfortable fabric. Matching 3-button placket in collar. 1&#215;1 ribbed collar and cuffs. Reinforced covered<\/p>","protected":false},"featured_media":24032,"comment_status":"open","ping_status":"closed","template":"","meta":[],"product_cat":[434],"product_tag":[],"class_list":{"0":"post-24031","1":"product","2":"type-product","3":"status-publish","4":"has-post-thumbnail","6":"product_cat-pol_s","8":"first","9":"instock","10":"shipping-taxable","11":"purchasable","12":"product-type-variable"},"_links":{"self":[{"href":"https:\/\/www.promotio.sk\/cs\/wp-json\/wp\/v2\/product\/24031","targetHints":{"allow":["GET"]}}],"collection":[{"href":"https:\/\/www.promotio.sk\/cs\/wp-json\/wp\/v2\/product"}],"about":[{"href":"https:\/\/www.promotio.sk\/cs\/wp-json\/wp\/v2\/types\/product"}],"replies":[{"embeddable":true,"href":"https:\/\/www.promotio.sk\/cs\/wp-json\/wp\/v2\/comments?post=24031"}],"wp:featuredmedia":[{"embeddable":true,"href":"https:\/\/www.promotio.sk\/cs\/wp-json\/wp\/v2\/media\/24032"}],"wp:attachment":[{"href":"https:\/\/www.promotio.sk\/cs\/wp-json\/wp\/v2\/media?parent=24031"}],"wp:term":[{"taxonomy":"product_cat","embeddable":true,"href":"https:\/\/www.promotio.sk\/cs\/wp-json\/wp\/v2\/product_cat?post=24031"},{"taxonomy":"product_tag","embeddable":true,"href":"https:\/\/www.promotio.sk\/cs\/wp-json\/wp\/v2\/product_tag?post=24031"}],"curies":[{"name":"wp","href":"https:\/\/api.w.org\/{rel}","templated":true}]}}