{"id":23944,"date":"2024-03-10T19:39:34","date_gmt":"2024-03-10T18:39:34","guid":{"rendered":"https:\/\/www.promotio.sk\/shop\/nezaraden\u00e9\/nation\/"},"modified":"2024-03-10T19:41:13","modified_gmt":"2024-03-10T18:41:13","slug":"nation","status":"publish","type":"product","link":"https:\/\/www.promotio.sk\/cs\/shop\/pol_s\/nation\/","title":{"rendered":"N\u00c1ROD"},"content":{"rendered":"<p>Short-sleeve polo shirt, jacquard collar and cuffs with three-button placket. Reinforced covered seams in collar. Flag motif embroidered on the back.<br \/>Composition: 60% cotton\/ 40% polyester, piqu\u00e9 knit.<br \/>\nWhite: 210 gsm.<br \/>\nBarva: 190 gsm.<br \/>Pozn\u00e1mky: *Voliteln\u00e1 kapsa.<br \/>\n* Odn\u00edmateln\u00fd \u0161t\u00edtek.<br \/>\n*O\u0161et\u0159en\u00ed ANTI-PILLING.<br \/><img decoding=\"async\" src=\"https:\/\/static.gorfactory.es\/pics\/measures\/PO_MC_HO.jpg\"><\/p>","protected":false},"excerpt":{"rendered":"<p>Short-sleeve polo shirt, jacquard collar and cuffs with three-button placket. Reinforced covered seams in collar. Flag motif embroidered on the<\/p>","protected":false},"featured_media":23945,"comment_status":"open","ping_status":"closed","template":"","meta":[],"product_cat":[434],"product_tag":[],"class_list":{"0":"post-23944","1":"product","2":"type-product","3":"status-publish","4":"has-post-thumbnail","6":"product_cat-pol_s","8":"first","9":"instock","10":"shipping-taxable","11":"purchasable","12":"product-type-variable"},"_links":{"self":[{"href":"https:\/\/www.promotio.sk\/cs\/wp-json\/wp\/v2\/product\/23944","targetHints":{"allow":["GET"]}}],"collection":[{"href":"https:\/\/www.promotio.sk\/cs\/wp-json\/wp\/v2\/product"}],"about":[{"href":"https:\/\/www.promotio.sk\/cs\/wp-json\/wp\/v2\/types\/product"}],"replies":[{"embeddable":true,"href":"https:\/\/www.promotio.sk\/cs\/wp-json\/wp\/v2\/comments?post=23944"}],"wp:featuredmedia":[{"embeddable":true,"href":"https:\/\/www.promotio.sk\/cs\/wp-json\/wp\/v2\/media\/23945"}],"wp:attachment":[{"href":"https:\/\/www.promotio.sk\/cs\/wp-json\/wp\/v2\/media?parent=23944"}],"wp:term":[{"taxonomy":"product_cat","embeddable":true,"href":"https:\/\/www.promotio.sk\/cs\/wp-json\/wp\/v2\/product_cat?post=23944"},{"taxonomy":"product_tag","embeddable":true,"href":"https:\/\/www.promotio.sk\/cs\/wp-json\/wp\/v2\/product_tag?post=23944"}],"curies":[{"name":"wp","href":"https:\/\/api.w.org\/{rel}","templated":true}]}}