{"id":23775,"date":"2024-03-10T19:30:27","date_gmt":"2024-03-10T18:30:27","guid":{"rendered":"https:\/\/www.promotio.sk\/shop\/nezaraden\u00e9\/breda-woman\/"},"modified":"2024-03-10T19:38:51","modified_gmt":"2024-03-10T18:38:51","slug":"breda-woman","status":"publish","type":"product","link":"https:\/\/www.promotio.sk\/cs\/shop\/promo-clothing\/tee-shirts\/cam\/breda-woman\/","title":{"rendered":"\u017dENA BREDA"},"content":{"rendered":"<p>D\u00e1msk\u00e9 tri\u010dko s kr\u00e1tk\u00fdm ruk\u00e1vem p\u0159il\u00e9hav\u00e9ho st\u0159ihu z organick\u00e9 bavlny s certifikac\u00ed OCS. \u017debrovan\u00fd kulat\u00fd v\u00fdst\u0159ih 1\u00d71. Zes\u00edlen\u00e9 skryt\u00e9 \u0161vy v l\u00edmci. Bo\u010dn\u00ed \u0161vy.<br \/>\n<br \/>Slo\u017een\u00ed: 100% bio bavlna: 175 g\/m\u00b2.<br \/>\nV\u0159esov\u011b \u0161ed\u00e1 barva 58: 85% bio bavlna a 15% visk\u00f3za.<br \/>\n<br \/>Pozn\u00e1mky: * Odn\u00edmateln\u00fd \u0161t\u00edtek.<br \/>\n* Koncept dua.<br \/>\n* organick\u00e1 tkanina OCS.<br \/><img decoding=\"async\" src=\"https:\/\/static.gorfactory.es\/pics\/measures\/CA_MC_MU.jpg\"><\/p>","protected":false},"excerpt":{"rendered":"<p>Fitted short-sleeve t-shirt for women in OCS certified organic cotton. 1&#215;1 ribbed crew neck. Reinforced covered seams in collar. Side<\/p>","protected":false},"featured_media":23776,"comment_status":"open","ping_status":"closed","template":"","meta":[],"product_cat":[461,460],"product_tag":[],"class_list":{"0":"post-23775","1":"product","2":"type-product","3":"status-publish","4":"has-post-thumbnail","6":"product_cat-cam","7":"product_cat-tee-shirts","9":"first","10":"instock","11":"shipping-taxable","12":"purchasable","13":"product-type-variable"},"_links":{"self":[{"href":"https:\/\/www.promotio.sk\/cs\/wp-json\/wp\/v2\/product\/23775","targetHints":{"allow":["GET"]}}],"collection":[{"href":"https:\/\/www.promotio.sk\/cs\/wp-json\/wp\/v2\/product"}],"about":[{"href":"https:\/\/www.promotio.sk\/cs\/wp-json\/wp\/v2\/types\/product"}],"replies":[{"embeddable":true,"href":"https:\/\/www.promotio.sk\/cs\/wp-json\/wp\/v2\/comments?post=23775"}],"wp:featuredmedia":[{"embeddable":true,"href":"https:\/\/www.promotio.sk\/cs\/wp-json\/wp\/v2\/media\/23776"}],"wp:attachment":[{"href":"https:\/\/www.promotio.sk\/cs\/wp-json\/wp\/v2\/media?parent=23775"}],"wp:term":[{"taxonomy":"product_cat","embeddable":true,"href":"https:\/\/www.promotio.sk\/cs\/wp-json\/wp\/v2\/product_cat?post=23775"},{"taxonomy":"product_tag","embeddable":true,"href":"https:\/\/www.promotio.sk\/cs\/wp-json\/wp\/v2\/product_tag?post=23775"}],"curies":[{"name":"wp","href":"https:\/\/api.w.org\/{rel}","templated":true}]}}