{"id":23504,"date":"2024-03-10T19:15:28","date_gmt":"2024-03-10T18:15:28","guid":{"rendered":"https:\/\/www.promotio.sk\/shop\/nezaraden\u00e9\/breda\/"},"modified":"2024-03-10T19:28:11","modified_gmt":"2024-03-10T18:28:11","slug":"breda","status":"publish","type":"product","link":"https:\/\/www.promotio.sk\/cs\/shop\/promo-clothing\/tee-shirts\/cam\/breda\/","title":{"rendered":"BREDA"},"content":{"rendered":"<p>Tubular short-sleeve t-shirt in OCS certified organic cotton. 1&#215;1 ribbed crew neck. Reinforced covered seams in collar.<br \/>\n<br \/>Composition: 100% bio cotton: 175 gsm.<br \/>\nV\u0159esov\u011b \u0161ed\u00e1 barva 58: 85% bio bavlna a 15% visk\u00f3za.<br \/>\n<br \/>Pozn\u00e1mky: * Odn\u00edmateln\u00e1 etiketa<br \/>\n* Koncept dua<br \/>\n* OCS organic fabric<br \/><img decoding=\"async\" src=\"https:\/\/static.gorfactory.es\/pics\/measures\/CA_MC_HO.jpg\"><\/p>","protected":false},"excerpt":{"rendered":"<p>Tubular short-sleeve t-shirt in OCS certified organic cotton. 1&#215;1 ribbed crew neck. Reinforced covered seams in collar. Composition: 100% bio<\/p>","protected":false},"featured_media":23505,"comment_status":"open","ping_status":"closed","template":"","meta":[],"product_cat":[461,460],"product_tag":[],"class_list":{"0":"post-23504","1":"product","2":"type-product","3":"status-publish","4":"has-post-thumbnail","6":"product_cat-cam","7":"product_cat-tee-shirts","9":"first","10":"instock","11":"shipping-taxable","12":"purchasable","13":"product-type-variable"},"_links":{"self":[{"href":"https:\/\/www.promotio.sk\/cs\/wp-json\/wp\/v2\/product\/23504","targetHints":{"allow":["GET"]}}],"collection":[{"href":"https:\/\/www.promotio.sk\/cs\/wp-json\/wp\/v2\/product"}],"about":[{"href":"https:\/\/www.promotio.sk\/cs\/wp-json\/wp\/v2\/types\/product"}],"replies":[{"embeddable":true,"href":"https:\/\/www.promotio.sk\/cs\/wp-json\/wp\/v2\/comments?post=23504"}],"wp:featuredmedia":[{"embeddable":true,"href":"https:\/\/www.promotio.sk\/cs\/wp-json\/wp\/v2\/media\/23505"}],"wp:attachment":[{"href":"https:\/\/www.promotio.sk\/cs\/wp-json\/wp\/v2\/media?parent=23504"}],"wp:term":[{"taxonomy":"product_cat","embeddable":true,"href":"https:\/\/www.promotio.sk\/cs\/wp-json\/wp\/v2\/product_cat?post=23504"},{"taxonomy":"product_tag","embeddable":true,"href":"https:\/\/www.promotio.sk\/cs\/wp-json\/wp\/v2\/product_tag?post=23504"}],"curies":[{"name":"wp","href":"https:\/\/api.w.org\/{rel}","templated":true}]}}