{"id":23266,"date":"2024-03-10T19:04:23","date_gmt":"2024-03-10T18:04:23","guid":{"rendered":"https:\/\/www.promotio.sk\/shop\/nezaraden\u00e9\/dominica\/"},"modified":"2024-03-10T19:05:37","modified_gmt":"2024-03-10T18:05:37","slug":"dominica","status":"publish","type":"product","link":"https:\/\/www.promotio.sk\/cs\/shop\/promo-clothing\/tee-shirts\/cam\/dominica\/","title":{"rendered":"DOMINIKA"},"content":{"rendered":"<p>Cropped and loose-fitted short-sleeve  t-shirt for women. 1&#215;1 ribbed crew neck with wide trim. Matching reinforced covered seams.<br \/>Composition: 100% cotton, 170 gsm single jersey.<br \/>\nFluor pink lady colour 125: 65% polyester \/ 35% cotton.<br \/>Pozn\u00e1mky: *Odn\u00edmateln\u00fd \u0161t\u00edtek.<br \/><img decoding=\"async\" src=\"https:\/\/static.gorfactory.es\/pics\/measures\/CA_MC_MU.jpg\"><\/p>","protected":false},"excerpt":{"rendered":"<p>Cropped and loose-fitted short-sleeve t-shirt for women. 1&#215;1 ribbed crew neck with wide trim. Matching reinforced covered seams.Composition: 100% cotton,<\/p>","protected":false},"featured_media":0,"comment_status":"open","ping_status":"closed","template":"","meta":[],"product_cat":[461,460],"product_tag":[],"class_list":{"0":"post-23266","1":"product","2":"type-product","3":"status-publish","5":"product_cat-cam","6":"product_cat-tee-shirts","8":"first","9":"instock","10":"shipping-taxable","11":"purchasable","12":"product-type-variable"},"_links":{"self":[{"href":"https:\/\/www.promotio.sk\/cs\/wp-json\/wp\/v2\/product\/23266","targetHints":{"allow":["GET"]}}],"collection":[{"href":"https:\/\/www.promotio.sk\/cs\/wp-json\/wp\/v2\/product"}],"about":[{"href":"https:\/\/www.promotio.sk\/cs\/wp-json\/wp\/v2\/types\/product"}],"replies":[{"embeddable":true,"href":"https:\/\/www.promotio.sk\/cs\/wp-json\/wp\/v2\/comments?post=23266"}],"wp:attachment":[{"href":"https:\/\/www.promotio.sk\/cs\/wp-json\/wp\/v2\/media?parent=23266"}],"wp:term":[{"taxonomy":"product_cat","embeddable":true,"href":"https:\/\/www.promotio.sk\/cs\/wp-json\/wp\/v2\/product_cat?post=23266"},{"taxonomy":"product_tag","embeddable":true,"href":"https:\/\/www.promotio.sk\/cs\/wp-json\/wp\/v2\/product_tag?post=23266"}],"curies":[{"name":"wp","href":"https:\/\/api.w.org\/{rel}","templated":true}]}}