{"id":22553,"date":"2024-03-10T18:06:26","date_gmt":"2024-03-10T17:06:26","guid":{"rendered":"https:\/\/www.promotio.sk\/shop\/nezaraden\u00e9\/stafford\/"},"modified":"2024-03-10T19:04:21","modified_gmt":"2024-03-10T18:04:21","slug":"stafford","status":"publish","type":"product","link":"https:\/\/www.promotio.sk\/cs\/shop\/promo-clothing\/tee-shirts\/cam\/stafford\/","title":{"rendered":"STAFFORD"},"content":{"rendered":"<p>Tri\u010dko s kr\u00e1tk\u00fdm ruk\u00e1vem tubul\u00e1rn\u00edho tvaru. Kulat\u00fd v\u00fdst\u0159ih s elastanem. Bo\u010dn\u00ed \u0161vy v d\u011btsk\u00fdch velikostech.<br \/>\n<br \/>Slo\u017een\u00ed: 100% bavlna, single jersey, 190 g\/m\u00b2.<br \/>\nV\u0159esov\u011b \u0161ed\u00e1 barva (58): 85% bavlna \/ 15% visk\u00f3za.<br \/>Pozn\u00e1mky: *Odn\u00edmateln\u00fd \u0161t\u00edtek.<br \/>\n*K dispozici d\u011btsk\u00e9 velikosti.<br \/>\n*Trubkov\u00fd design u dosp\u011bl\u00fdch velikost\u00ed a bo\u010dn\u00ed \u0161vy u d\u011btsk\u00fdch velikost\u00ed.<br \/><img decoding=\"async\" src=\"https:\/\/static.gorfactory.es\/pics\/measures\/CA_MC_HO.jpg\"><\/p>","protected":false},"excerpt":{"rendered":"<p>Tubular short-sleeve t-shirt. Crew neck with elastane. Side seams in kids sizes. Composition: 100% cotton, single jersey, 190 gsm. Heather<\/p>","protected":false},"featured_media":22554,"comment_status":"open","ping_status":"closed","template":"","meta":[],"product_cat":[461,460],"product_tag":[],"class_list":{"0":"post-22553","1":"product","2":"type-product","3":"status-publish","4":"has-post-thumbnail","6":"product_cat-cam","7":"product_cat-tee-shirts","9":"first","10":"instock","11":"shipping-taxable","12":"purchasable","13":"product-type-variable"},"_links":{"self":[{"href":"https:\/\/www.promotio.sk\/cs\/wp-json\/wp\/v2\/product\/22553","targetHints":{"allow":["GET"]}}],"collection":[{"href":"https:\/\/www.promotio.sk\/cs\/wp-json\/wp\/v2\/product"}],"about":[{"href":"https:\/\/www.promotio.sk\/cs\/wp-json\/wp\/v2\/types\/product"}],"replies":[{"embeddable":true,"href":"https:\/\/www.promotio.sk\/cs\/wp-json\/wp\/v2\/comments?post=22553"}],"wp:featuredmedia":[{"embeddable":true,"href":"https:\/\/www.promotio.sk\/cs\/wp-json\/wp\/v2\/media\/22554"}],"wp:attachment":[{"href":"https:\/\/www.promotio.sk\/cs\/wp-json\/wp\/v2\/media?parent=22553"}],"wp:term":[{"taxonomy":"product_cat","embeddable":true,"href":"https:\/\/www.promotio.sk\/cs\/wp-json\/wp\/v2\/product_cat?post=22553"},{"taxonomy":"product_tag","embeddable":true,"href":"https:\/\/www.promotio.sk\/cs\/wp-json\/wp\/v2\/product_tag?post=22553"}],"curies":[{"name":"wp","href":"https:\/\/api.w.org\/{rel}","templated":true}]}}