{"id":22454,"date":"2024-03-10T18:01:50","date_gmt":"2024-03-10T17:01:50","guid":{"rendered":"https:\/\/www.promotio.sk\/shop\/nezaraden\u00e9\/fox\/"},"modified":"2024-03-10T18:06:24","modified_gmt":"2024-03-10T17:06:24","slug":"fox","status":"publish","type":"product","link":"https:\/\/www.promotio.sk\/cs\/shop\/promo-clothing\/tee-shirts\/cam\/fox\/","title":{"rendered":"LI\u0160KA"},"content":{"rendered":"<p>Tri\u010dko s kr\u00e1tk\u00fdm ruk\u00e1vem s v\u0159esov\u00fdm efektem. \u017debrovan\u00fd kulat\u00fd v\u00fdst\u0159ih 1\u00d71 s vnit\u0159n\u00edmi zes\u00edlen\u00fdmi kryt\u00fdmi \u0161vy. Trubkovit\u00fd materi\u00e1l.<br \/>Slo\u017een\u00ed: 65% polyester \/ 35% bavlna, jednoduch\u00fd \u017eerzej, 150 g\/m\u00b2. <br \/>Pozn\u00e1mky: *Odn\u00edmateln\u00fd \u0161t\u00edtek.<br \/>\n*Koncept dua.<br \/><img decoding=\"async\" src=\"https:\/\/static.gorfactory.es\/pics\/measures\/CA_MC_HO.jpg\"><\/p>","protected":false},"excerpt":{"rendered":"<p>Short-sleeve t-shirt in heather effect. 1&#215;1 ribbed crew neck with interior reinforced covered seams. Tubular fabric.Composition: 65% polyester \/ 35%<\/p>","protected":false},"featured_media":22455,"comment_status":"open","ping_status":"closed","template":"","meta":[],"product_cat":[461,460],"product_tag":[],"class_list":{"0":"post-22454","1":"product","2":"type-product","3":"status-publish","4":"has-post-thumbnail","6":"product_cat-cam","7":"product_cat-tee-shirts","9":"first","10":"instock","11":"shipping-taxable","12":"purchasable","13":"product-type-variable"},"_links":{"self":[{"href":"https:\/\/www.promotio.sk\/cs\/wp-json\/wp\/v2\/product\/22454","targetHints":{"allow":["GET"]}}],"collection":[{"href":"https:\/\/www.promotio.sk\/cs\/wp-json\/wp\/v2\/product"}],"about":[{"href":"https:\/\/www.promotio.sk\/cs\/wp-json\/wp\/v2\/types\/product"}],"replies":[{"embeddable":true,"href":"https:\/\/www.promotio.sk\/cs\/wp-json\/wp\/v2\/comments?post=22454"}],"wp:featuredmedia":[{"embeddable":true,"href":"https:\/\/www.promotio.sk\/cs\/wp-json\/wp\/v2\/media\/22455"}],"wp:attachment":[{"href":"https:\/\/www.promotio.sk\/cs\/wp-json\/wp\/v2\/media?parent=22454"}],"wp:term":[{"taxonomy":"product_cat","embeddable":true,"href":"https:\/\/www.promotio.sk\/cs\/wp-json\/wp\/v2\/product_cat?post=22454"},{"taxonomy":"product_tag","embeddable":true,"href":"https:\/\/www.promotio.sk\/cs\/wp-json\/wp\/v2\/product_tag?post=22454"}],"curies":[{"name":"wp","href":"https:\/\/api.w.org\/{rel}","templated":true}]}}