{"id":21988,"date":"2024-03-10T17:37:28","date_gmt":"2024-03-10T16:37:28","guid":{"rendered":"https:\/\/www.promotio.sk\/shop\/nezaraden\u00e9\/jamaica\/"},"modified":"2024-03-10T17:49:46","modified_gmt":"2024-03-10T16:49:46","slug":"jamaica","status":"publish","type":"product","link":"https:\/\/www.promotio.sk\/cs\/shop\/promo-clothing\/tee-shirts\/cam\/jamaica\/","title":{"rendered":"JAMAICA"},"content":{"rendered":"<p>P\u0159il\u00e9hav\u00e9 tri\u010dko s kr\u00e1tk\u00fdm ruk\u00e1vem. Dvojit\u00fd \u017eebrovan\u00fd kulat\u00fd v\u00fdst\u0159ih 1\u00d71 a skryt\u00e9 \u0161vy od ramene k rameni. Bo\u010dn\u00ed \u0161vy. Tri\u010dko dostupn\u00e9 ve 21 barv\u00e1ch.<br \/>Slo\u017een\u00ed: 100% bavlna, single jersey, 155 g\/m\u00b2.<br \/>\nV\u0159esov\u011b \u0161ed\u00e1 58: 85% bavlna \/ 15% visk\u00f3za. <br \/>Pozn\u00e1mky: *Odn\u00edmateln\u00fd \u0161t\u00edtek.<br \/>\n*K dispozici d\u011btsk\u00e9 velikosti.<br \/>\n*K dispozici i pro mu\u017ee.<br \/><img decoding=\"async\" src=\"https:\/\/static.gorfactory.es\/pics\/measures\/CA_MC_MU.jpg\"><\/p>","protected":false},"excerpt":{"rendered":"<p>Fitted short-sleeve t-shirt. 1&#215;1 double layer rib crew neck and covered seams from shoulder to shoulder. Side seams. T-shirt available<\/p>","protected":false},"featured_media":21989,"comment_status":"open","ping_status":"closed","template":"","meta":[],"product_cat":[461,460],"product_tag":[],"class_list":{"0":"post-21988","1":"product","2":"type-product","3":"status-publish","4":"has-post-thumbnail","6":"product_cat-cam","7":"product_cat-tee-shirts","9":"first","10":"instock","11":"shipping-taxable","12":"purchasable","13":"product-type-variable"},"_links":{"self":[{"href":"https:\/\/www.promotio.sk\/cs\/wp-json\/wp\/v2\/product\/21988","targetHints":{"allow":["GET"]}}],"collection":[{"href":"https:\/\/www.promotio.sk\/cs\/wp-json\/wp\/v2\/product"}],"about":[{"href":"https:\/\/www.promotio.sk\/cs\/wp-json\/wp\/v2\/types\/product"}],"replies":[{"embeddable":true,"href":"https:\/\/www.promotio.sk\/cs\/wp-json\/wp\/v2\/comments?post=21988"}],"wp:featuredmedia":[{"embeddable":true,"href":"https:\/\/www.promotio.sk\/cs\/wp-json\/wp\/v2\/media\/21989"}],"wp:attachment":[{"href":"https:\/\/www.promotio.sk\/cs\/wp-json\/wp\/v2\/media?parent=21988"}],"wp:term":[{"taxonomy":"product_cat","embeddable":true,"href":"https:\/\/www.promotio.sk\/cs\/wp-json\/wp\/v2\/product_cat?post=21988"},{"taxonomy":"product_tag","embeddable":true,"href":"https:\/\/www.promotio.sk\/cs\/wp-json\/wp\/v2\/product_tag?post=21988"}],"curies":[{"name":"wp","href":"https:\/\/api.w.org\/{rel}","templated":true}]}}