{"id":21221,"date":"2024-03-10T16:48:42","date_gmt":"2024-03-10T15:48:42","guid":{"rendered":"https:\/\/www.promotio.sk\/shop\/nezaraden\u00e9\/braco\/"},"modified":"2024-03-10T17:27:38","modified_gmt":"2024-03-10T16:27:38","slug":"braco","status":"publish","type":"product","link":"https:\/\/www.promotio.sk\/cs\/shop\/promo-clothing\/tee-shirts\/cam\/braco\/","title":{"rendered":"BRACO"},"content":{"rendered":"<p>Tri\u010dko s kr\u00e1tk\u00fdm ruk\u00e1vem z jemn\u00e9 tkaniny s kompaktn\u00edm povrchem. \u010cty\u0159vrstv\u00fd kulat\u00fd v\u00fdst\u0159ih a zes\u00edlen\u00e9 skryt\u00e9 \u0161vy na l\u00edmci a ramenou. Bo\u010dn\u00ed \u0161vy.<br \/>\n<br \/>Slo\u017een\u00ed: \u010desan\u00e1 bavlna 100%, single jersey, 180 g\/m\u00b2.<br \/>\nHeather \u0161ed\u00e1 58: 85% bavlna \/ 15% visk\u00f3za. <br \/>Pozn\u00e1mky: *Velikosti 4XL a 5XL jsou k dispozici v b\u00edl\u00e9 barv\u011b 01.<br \/>\n*D\u011btsk\u00e9: Krabi\u010dky po 100 kusech.<br \/>\n* Odn\u00edmateln\u00fd \u0161t\u00edtek.<br \/>\n*K dispozici d\u011btsk\u00e9 velikosti.<br \/>\n<br \/><img decoding=\"async\" src=\"https:\/\/static.gorfactory.es\/pics\/measures\/CA_MC_HO.jpg\"><\/p>","protected":false},"excerpt":{"rendered":"<p>Short-sleeve t-shirt in fine gauge fabric and compacted finishing. 4-layer crew neck and reinforced covered seams in collar and shoulders.<\/p>","protected":false},"featured_media":21222,"comment_status":"open","ping_status":"closed","template":"","meta":[],"product_cat":[461,460],"product_tag":[],"class_list":{"0":"post-21221","1":"product","2":"type-product","3":"status-publish","4":"has-post-thumbnail","6":"product_cat-cam","7":"product_cat-tee-shirts","9":"first","10":"instock","11":"shipping-taxable","12":"purchasable","13":"product-type-variable"},"_links":{"self":[{"href":"https:\/\/www.promotio.sk\/cs\/wp-json\/wp\/v2\/product\/21221","targetHints":{"allow":["GET"]}}],"collection":[{"href":"https:\/\/www.promotio.sk\/cs\/wp-json\/wp\/v2\/product"}],"about":[{"href":"https:\/\/www.promotio.sk\/cs\/wp-json\/wp\/v2\/types\/product"}],"replies":[{"embeddable":true,"href":"https:\/\/www.promotio.sk\/cs\/wp-json\/wp\/v2\/comments?post=21221"}],"wp:featuredmedia":[{"embeddable":true,"href":"https:\/\/www.promotio.sk\/cs\/wp-json\/wp\/v2\/media\/21222"}],"wp:attachment":[{"href":"https:\/\/www.promotio.sk\/cs\/wp-json\/wp\/v2\/media?parent=21221"}],"wp:term":[{"taxonomy":"product_cat","embeddable":true,"href":"https:\/\/www.promotio.sk\/cs\/wp-json\/wp\/v2\/product_cat?post=21221"},{"taxonomy":"product_tag","embeddable":true,"href":"https:\/\/www.promotio.sk\/cs\/wp-json\/wp\/v2\/product_tag?post=21221"}],"curies":[{"name":"wp","href":"https:\/\/api.w.org\/{rel}","templated":true}]}}