{"id":21047,"date":"2024-03-10T16:40:15","date_gmt":"2024-03-10T15:40:15","guid":{"rendered":"https:\/\/www.promotio.sk\/shop\/nezaraden\u00e9\/texas\/"},"modified":"2024-03-10T16:45:56","modified_gmt":"2024-03-10T15:45:56","slug":"texas","status":"publish","type":"product","link":"https:\/\/www.promotio.sk\/cs\/shop\/promo-clothing\/tee-shirts\/cat\/texas\/","title":{"rendered":"TEXAS"},"content":{"rendered":"<p>\u00dazk\u00e9 t\u00edlko s \u017eebrovan\u00fdm l\u00edmcem a pr\u016framkem z jednoho \u017eerzeje. Bo\u010dn\u00ed \u0161vy ob\u0161it\u00e9 \u010dty\u0159nitn\u00fdm overlockem pro v\u011bt\u0161\u00ed odolnost.<br \/>Slo\u017een\u00ed: 100% bavlna, single jersey, 155 g\/m\u00b2.<br \/>\nHeather \u0161ed\u00e1 58: 85% bavlna \/ 15% visk\u00f3za.<br \/>Pozn\u00e1mky: *Odn\u00edmateln\u00fd \u0161t\u00edtek.<br \/>\n*K dispozici i pro \u017eeny.<br \/><img decoding=\"async\" src=\"https:\/\/static.gorfactory.es\/pics\/measures\/CA6545.jpg\"><\/p>","protected":false},"excerpt":{"rendered":"<p>Slim-fit tank top with ribbed single jersey in collar and armhole. 4-thread overlocked side seams for greater durability.Composition: 100% cotton,<\/p>","protected":false},"featured_media":21048,"comment_status":"open","ping_status":"closed","template":"","meta":[],"product_cat":[460,463],"product_tag":[],"class_list":{"0":"post-21047","1":"product","2":"type-product","3":"status-publish","4":"has-post-thumbnail","6":"product_cat-tee-shirts","7":"product_cat-cat","9":"first","10":"instock","11":"shipping-taxable","12":"purchasable","13":"product-type-variable"},"_links":{"self":[{"href":"https:\/\/www.promotio.sk\/cs\/wp-json\/wp\/v2\/product\/21047","targetHints":{"allow":["GET"]}}],"collection":[{"href":"https:\/\/www.promotio.sk\/cs\/wp-json\/wp\/v2\/product"}],"about":[{"href":"https:\/\/www.promotio.sk\/cs\/wp-json\/wp\/v2\/types\/product"}],"replies":[{"embeddable":true,"href":"https:\/\/www.promotio.sk\/cs\/wp-json\/wp\/v2\/comments?post=21047"}],"wp:featuredmedia":[{"embeddable":true,"href":"https:\/\/www.promotio.sk\/cs\/wp-json\/wp\/v2\/media\/21048"}],"wp:attachment":[{"href":"https:\/\/www.promotio.sk\/cs\/wp-json\/wp\/v2\/media?parent=21047"}],"wp:term":[{"taxonomy":"product_cat","embeddable":true,"href":"https:\/\/www.promotio.sk\/cs\/wp-json\/wp\/v2\/product_cat?post=21047"},{"taxonomy":"product_tag","embeddable":true,"href":"https:\/\/www.promotio.sk\/cs\/wp-json\/wp\/v2\/product_tag?post=21047"}],"curies":[{"name":"wp","href":"https:\/\/api.w.org\/{rel}","templated":true}]}}