{"id":20879,"date":"2024-03-10T16:32:05","date_gmt":"2024-03-10T15:32:05","guid":{"rendered":"https:\/\/www.promotio.sk\/shop\/nezaraden\u00e9\/brenda\/"},"modified":"2024-03-10T16:38:09","modified_gmt":"2024-03-10T15:38:09","slug":"brenda","status":"publish","type":"product","link":"https:\/\/www.promotio.sk\/cs\/shop\/promo-clothing\/tee-shirts\/cat\/brenda\/","title":{"rendered":"BRENDA"},"content":{"rendered":"<p>\u00dazk\u00fd t\u00edlko s \u017eebrovan\u00fdmi pr\u016framky a voln\u00fdm a rolovan\u00fdm \u017eebrovan\u00fdm l\u00edmcem. Racerbackov\u00fd st\u0159ih a bo\u010dn\u00ed \u0161vy.<br \/>Slo\u017een\u00ed: 100% bavlna, single jersey, 160 g\/m\u00b2.<br \/>\nHeather \u0161ed\u00e1 58: 85% bavlna \/ 15% visk\u00f3za.<br \/>Pozn\u00e1mky: *Odn\u00edmateln\u00fd \u0161t\u00edtek.<br \/>\n*K dispozici i pro mu\u017ee.<br \/>\n*K dispozici d\u011btsk\u00e9 velikosti.<br \/><img decoding=\"async\" src=\"https:\/\/static.gorfactory.es\/pics\/measures\/CA6535.jpg\"><\/p>","protected":false},"excerpt":{"rendered":"<p>Slim-fit tank top with ribbed armholes and loose and rolled ribbed collar. Racerback and side seams.Composition: 100% cotton, single jersey,<\/p>","protected":false},"featured_media":20880,"comment_status":"open","ping_status":"closed","template":"","meta":[],"product_cat":[460,463],"product_tag":[],"class_list":{"0":"post-20879","1":"product","2":"type-product","3":"status-publish","4":"has-post-thumbnail","6":"product_cat-tee-shirts","7":"product_cat-cat","9":"first","10":"instock","11":"shipping-taxable","12":"purchasable","13":"product-type-variable"},"_links":{"self":[{"href":"https:\/\/www.promotio.sk\/cs\/wp-json\/wp\/v2\/product\/20879","targetHints":{"allow":["GET"]}}],"collection":[{"href":"https:\/\/www.promotio.sk\/cs\/wp-json\/wp\/v2\/product"}],"about":[{"href":"https:\/\/www.promotio.sk\/cs\/wp-json\/wp\/v2\/types\/product"}],"replies":[{"embeddable":true,"href":"https:\/\/www.promotio.sk\/cs\/wp-json\/wp\/v2\/comments?post=20879"}],"wp:featuredmedia":[{"embeddable":true,"href":"https:\/\/www.promotio.sk\/cs\/wp-json\/wp\/v2\/media\/20880"}],"wp:attachment":[{"href":"https:\/\/www.promotio.sk\/cs\/wp-json\/wp\/v2\/media?parent=20879"}],"wp:term":[{"taxonomy":"product_cat","embeddable":true,"href":"https:\/\/www.promotio.sk\/cs\/wp-json\/wp\/v2\/product_cat?post=20879"},{"taxonomy":"product_tag","embeddable":true,"href":"https:\/\/www.promotio.sk\/cs\/wp-json\/wp\/v2\/product_tag?post=20879"}],"curies":[{"name":"wp","href":"https:\/\/api.w.org\/{rel}","templated":true}]}}