{"id":20160,"date":"2024-03-10T15:47:10","date_gmt":"2024-03-10T14:47:10","guid":{"rendered":"https:\/\/www.promotio.sk\/shop\/nezaraden\u00e9\/dogo-premium\/"},"modified":"2024-03-10T21:12:23","modified_gmt":"2024-03-10T20:12:23","slug":"dogo-premium","status":"publish","type":"product","link":"https:\/\/www.promotio.sk\/cs\/shop\/promo-clothing\/tee-shirts\/cam\/dogo-premium\/","title":{"rendered":"DOGO PREMIUM"},"content":{"rendered":"<p>Short-sleeve t-shirt with 4-layer crew neck and reinforced covered seams in collar and shoulders. Side seams.<br \/>\nSlo\u017een\u00ed: 100% bavlna, single jersey, 165 g\/m\u00b2.<br \/>\nHeather \u0161ed\u00e1 58: 85% bavlna \/ 15% visk\u00f3za.<br \/>\nRemarks: *Size 4XL only in colours: white 01, black 02, navy 55, bottle green 56, royal 05 and heather grey 58.<br \/>\n*Size 5XL available in colour white 01 and black 02.<br \/>\n* Odn\u00edmateln\u00fd \u0161t\u00edtek.<br \/>\n*K dispozici jsou d\u011btsk\u00e9 velikosti.<br \/>\n*K dispozici i pro \u017eeny.<br \/>\n<img decoding=\"async\" src=\"https:\/\/static.gorfactory.es\/pics\/measures\/CA_MC_HO.jpg\" \/><\/p>","protected":false},"excerpt":{"rendered":"<p>Short-sleeve t-shirt with 4-layer crew neck and reinforced covered seams in collar and shoulders. Side seams. Composition: 100% cotton, single<\/p>","protected":false},"featured_media":20161,"comment_status":"open","ping_status":"closed","template":"","meta":[],"product_cat":[461,460],"product_tag":[],"class_list":{"0":"post-20160","1":"product","2":"type-product","3":"status-publish","4":"has-post-thumbnail","6":"product_cat-cam","7":"product_cat-tee-shirts","9":"first","10":"instock","11":"shipping-taxable","12":"purchasable","13":"product-type-variable"},"_links":{"self":[{"href":"https:\/\/www.promotio.sk\/cs\/wp-json\/wp\/v2\/product\/20160","targetHints":{"allow":["GET"]}}],"collection":[{"href":"https:\/\/www.promotio.sk\/cs\/wp-json\/wp\/v2\/product"}],"about":[{"href":"https:\/\/www.promotio.sk\/cs\/wp-json\/wp\/v2\/types\/product"}],"replies":[{"embeddable":true,"href":"https:\/\/www.promotio.sk\/cs\/wp-json\/wp\/v2\/comments?post=20160"}],"wp:featuredmedia":[{"embeddable":true,"href":"https:\/\/www.promotio.sk\/cs\/wp-json\/wp\/v2\/media\/20161"}],"wp:attachment":[{"href":"https:\/\/www.promotio.sk\/cs\/wp-json\/wp\/v2\/media?parent=20160"}],"wp:term":[{"taxonomy":"product_cat","embeddable":true,"href":"https:\/\/www.promotio.sk\/cs\/wp-json\/wp\/v2\/product_cat?post=20160"},{"taxonomy":"product_tag","embeddable":true,"href":"https:\/\/www.promotio.sk\/cs\/wp-json\/wp\/v2\/product_tag?post=20160"}],"curies":[{"name":"wp","href":"https:\/\/api.w.org\/{rel}","templated":true}]}}