{"id":20158,"date":"2024-03-10T15:47:07","date_gmt":"2024-03-10T14:47:07","guid":{"rendered":"https:\/\/www.promotio.sk\/shop\/nezaraden\u00e9\/atomic-150\/"},"modified":"2024-03-10T16:19:29","modified_gmt":"2024-03-10T15:19:29","slug":"atomic-150","status":"publish","type":"product","link":"https:\/\/www.promotio.sk\/cs\/shop\/promo-clothing\/tee-shirts\/cam\/atomic-150\/","title":{"rendered":"ATOMIC 150"},"content":{"rendered":"<p>Tri\u010dko s kr\u00e1tk\u00fdm ruk\u00e1vem tubul\u00e1rn\u00edho tvaru. \u017debrovan\u00fd kulat\u00fd v\u00fdst\u0159ih 1\u00d71 s vnit\u0159n\u00edmi kryt\u00fdmi \u0161vy.<br \/>\nIde\u00e1ln\u00ed tri\u010dko pro potisk.<br \/>Slo\u017een\u00ed: 100% bavlna, single jersey, 150 g\/m\u00b2.<br \/>\nHeather \u0161ed\u00e1 58: 85% bavlna \/ 15% visk\u00f3za.<br \/>Pozn\u00e1mky: * Kvalita a barvy tohoto modelu neodpov\u00eddaj\u00ed standard\u016fm dan\u00e9 zna\u010dky.<br \/><img decoding=\"async\" src=\"https:\/\/static.gorfactory.es\/pics\/measures\/CA_MC_HO.jpg\"><\/p>","protected":false},"excerpt":{"rendered":"<p>Tubular short-sleeve t-shirt. 1&#215;1 ribbed crew neck with inner covered seams. Perfect t-shirt for printing.Composition: 100% cotton, single jersey, 150<\/p>","protected":false},"featured_media":20159,"comment_status":"open","ping_status":"closed","template":"","meta":[],"product_cat":[461,460],"product_tag":[],"class_list":{"0":"post-20158","1":"product","2":"type-product","3":"status-publish","4":"has-post-thumbnail","6":"product_cat-cam","7":"product_cat-tee-shirts","9":"first","10":"instock","11":"shipping-taxable","12":"purchasable","13":"product-type-variable"},"_links":{"self":[{"href":"https:\/\/www.promotio.sk\/cs\/wp-json\/wp\/v2\/product\/20158","targetHints":{"allow":["GET"]}}],"collection":[{"href":"https:\/\/www.promotio.sk\/cs\/wp-json\/wp\/v2\/product"}],"about":[{"href":"https:\/\/www.promotio.sk\/cs\/wp-json\/wp\/v2\/types\/product"}],"replies":[{"embeddable":true,"href":"https:\/\/www.promotio.sk\/cs\/wp-json\/wp\/v2\/comments?post=20158"}],"wp:featuredmedia":[{"embeddable":true,"href":"https:\/\/www.promotio.sk\/cs\/wp-json\/wp\/v2\/media\/20159"}],"wp:attachment":[{"href":"https:\/\/www.promotio.sk\/cs\/wp-json\/wp\/v2\/media?parent=20158"}],"wp:term":[{"taxonomy":"product_cat","embeddable":true,"href":"https:\/\/www.promotio.sk\/cs\/wp-json\/wp\/v2\/product_cat?post=20158"},{"taxonomy":"product_tag","embeddable":true,"href":"https:\/\/www.promotio.sk\/cs\/wp-json\/wp\/v2\/product_tag?post=20158"}],"curies":[{"name":"wp","href":"https:\/\/api.w.org\/{rel}","templated":true}]}}